{"id":72,"date":"2023-11-01T15:56:24","date_gmt":"2023-11-01T14:56:24","guid":{"rendered":"https:\/\/www.kambek.sk\/?page_id=72"},"modified":"2024-01-22T19:06:18","modified_gmt":"2024-01-22T18:06:18","slug":"kontakt","status":"publish","type":"page","link":"https:\/\/www.kambek.sk\/?page_id=72","title":{"rendered":"Kontakt"},"content":{"rendered":"\n<p>KAMBEK<\/p>\n\n\n\n<p>I\u010cO: 55703607<\/p>\n\n\n\n<p>DI\u010c: 2122130670<\/p>\n\n\n\n<p>registra\u010dn\u00e9 \u010d\u00edslo: VVS\/1-900\/90-67259<\/p>\n\n\n\n<p>email: <a href=\"info@kambek.sk\" target=\"_blank\" rel=\"noreferrer noopener\">info@kambek<\/a><\/p>\n\n\n\n<p><a href=\"mailto:zuzana.aly@kambek.sk\" target=\"_blank\" rel=\"noreferrer noopener\">zuzana.aly@kambek.sk<\/a><\/p>\n\n\n\n<p>mobil: <a href=\"http:\/\/+421907 554 852\" target=\"_blank\" rel=\"noreferrer noopener\">+421907 554 852<\/a><\/p>\n\n\n\n<p>\u010d\u00edslo \u00fa\u010dtu: SK57 0900 0000 0052 0979 2929<\/p>\n","protected":false},"excerpt":{"rendered":"<p>KAMBEK I\u010cO: 55703607 DI\u010c: 2122130670 registra\u010dn\u00e9 \u010d\u00edslo: VVS\/1-900\/90-67259 email: info@kambek zuzana.aly@kambek.sk mobil: +421907 554 852 \u010d\u00edslo \u00fa\u010dtu: SK57 0900 0000 0052 0979 2929<\/p>\n","protected":false},"author":1,"featured_media":0,"parent":0,"menu_order":0,"comment_status":"closed","ping_status":"closed","template":"","meta":{"_monsterinsights_skip_tracking":false,"_monsterinsights_sitenote_active":false,"_monsterinsights_sitenote_note":"","_monsterinsights_sitenote_category":0,"footnotes":""},"class_list":["post-72","page","type-page","status-publish","hentry"],"yoast_head":"<!-- This site is optimized with the Yoast SEO plugin v21.5 - https:\/\/yoast.com\/wordpress\/plugins\/seo\/ -->\n<title>Kontakt - KAMBEK<\/title>\n<meta name=\"robots\" content=\"index, follow, max-snippet:-1, max-image-preview:large, max-video-preview:-1\" \/>\n<link rel=\"canonical\" href=\"https:\/\/www.kambek.sk\/?page_id=72\" \/>\n<meta property=\"og:locale\" content=\"sk_SK\" \/>\n<meta property=\"og:type\" content=\"article\" \/>\n<meta property=\"og:title\" content=\"Kontakt - KAMBEK\" \/>\n<meta property=\"og:description\" content=\"KAMBEK I\u010cO: 55703607 DI\u010c: 2122130670 registra\u010dn\u00e9 \u010d\u00edslo: VVS\/1-900\/90-67259 email: info@kambek zuzana.aly@kambek.sk mobil: +421907 554 852 \u010d\u00edslo \u00fa\u010dtu: SK57 0900 0000 0052 0979 2929\" \/>\n<meta property=\"og:url\" content=\"https:\/\/www.kambek.sk\/?page_id=72\" \/>\n<meta property=\"og:site_name\" content=\"KAMBEK\" \/>\n<meta property=\"article:modified_time\" content=\"2024-01-22T18:06:18+00:00\" \/>\n<meta name=\"twitter:card\" content=\"summary_large_image\" \/>\n<meta name=\"twitter:label1\" content=\"Predpokladan\u00fd \u010das \u010d\u00edtania\" \/>\n\t<meta name=\"twitter:data1\" content=\"1 min\u00fata\" \/>\n<script type=\"application\/ld+json\" class=\"yoast-schema-graph\">{\"@context\":\"https:\/\/schema.org\",\"@graph\":[{\"@type\":\"WebPage\",\"@id\":\"https:\/\/www.kambek.sk\/?page_id=72\",\"url\":\"https:\/\/www.kambek.sk\/?page_id=72\",\"name\":\"Kontakt - KAMBEK\",\"isPartOf\":{\"@id\":\"https:\/\/www.kambek.sk\/#website\"},\"datePublished\":\"2023-11-01T14:56:24+00:00\",\"dateModified\":\"2024-01-22T18:06:18+00:00\",\"breadcrumb\":{\"@id\":\"https:\/\/www.kambek.sk\/?page_id=72#breadcrumb\"},\"inLanguage\":\"sk-SK\",\"potentialAction\":[{\"@type\":\"ReadAction\",\"target\":[\"https:\/\/www.kambek.sk\/?page_id=72\"]}]},{\"@type\":\"BreadcrumbList\",\"@id\":\"https:\/\/www.kambek.sk\/?page_id=72#breadcrumb\",\"itemListElement\":[{\"@type\":\"ListItem\",\"position\":1,\"name\":\"Home\",\"item\":\"https:\/\/www.kambek.sk\/\"},{\"@type\":\"ListItem\",\"position\":2,\"name\":\"Kontakt\"}]},{\"@type\":\"WebSite\",\"@id\":\"https:\/\/www.kambek.sk\/#website\",\"url\":\"https:\/\/www.kambek.sk\/\",\"name\":\"KAMBEK\",\"description\":\"nikdy nie je neskoro....\",\"publisher\":{\"@id\":\"https:\/\/www.kambek.sk\/#organization\"},\"potentialAction\":[{\"@type\":\"SearchAction\",\"target\":{\"@type\":\"EntryPoint\",\"urlTemplate\":\"https:\/\/www.kambek.sk\/?s={search_term_string}\"},\"query-input\":\"required name=search_term_string\"}],\"inLanguage\":\"sk-SK\"},{\"@type\":\"Organization\",\"@id\":\"https:\/\/www.kambek.sk\/#organization\",\"name\":\"KAMBEK\",\"url\":\"https:\/\/www.kambek.sk\/\",\"logo\":{\"@type\":\"ImageObject\",\"inLanguage\":\"sk-SK\",\"@id\":\"https:\/\/www.kambek.sk\/#\/schema\/logo\/image\/\",\"url\":\"https:\/\/www.kambek.sk\/wp-content\/uploads\/2023\/11\/cropped-cropped-Kambek-2-2.jpg\",\"contentUrl\":\"https:\/\/www.kambek.sk\/wp-content\/uploads\/2023\/11\/cropped-cropped-Kambek-2-2.jpg\",\"width\":283,\"height\":259,\"caption\":\"KAMBEK\"},\"image\":{\"@id\":\"https:\/\/www.kambek.sk\/#\/schema\/logo\/image\/\"}}]}<\/script>\n<!-- \/ Yoast SEO plugin. -->","yoast_head_json":{"title":"Kontakt - KAMBEK","robots":{"index":"index","follow":"follow","max-snippet":"max-snippet:-1","max-image-preview":"max-image-preview:large","max-video-preview":"max-video-preview:-1"},"canonical":"https:\/\/www.kambek.sk\/?page_id=72","og_locale":"sk_SK","og_type":"article","og_title":"Kontakt - KAMBEK","og_description":"KAMBEK I\u010cO: 55703607 DI\u010c: 2122130670 registra\u010dn\u00e9 \u010d\u00edslo: VVS\/1-900\/90-67259 email: info@kambek zuzana.aly@kambek.sk mobil: +421907 554 852 \u010d\u00edslo \u00fa\u010dtu: SK57 0900 0000 0052 0979 2929","og_url":"https:\/\/www.kambek.sk\/?page_id=72","og_site_name":"KAMBEK","article_modified_time":"2024-01-22T18:06:18+00:00","twitter_card":"summary_large_image","twitter_misc":{"Predpokladan\u00fd \u010das \u010d\u00edtania":"1 min\u00fata"},"schema":{"@context":"https:\/\/schema.org","@graph":[{"@type":"WebPage","@id":"https:\/\/www.kambek.sk\/?page_id=72","url":"https:\/\/www.kambek.sk\/?page_id=72","name":"Kontakt - KAMBEK","isPartOf":{"@id":"https:\/\/www.kambek.sk\/#website"},"datePublished":"2023-11-01T14:56:24+00:00","dateModified":"2024-01-22T18:06:18+00:00","breadcrumb":{"@id":"https:\/\/www.kambek.sk\/?page_id=72#breadcrumb"},"inLanguage":"sk-SK","potentialAction":[{"@type":"ReadAction","target":["https:\/\/www.kambek.sk\/?page_id=72"]}]},{"@type":"BreadcrumbList","@id":"https:\/\/www.kambek.sk\/?page_id=72#breadcrumb","itemListElement":[{"@type":"ListItem","position":1,"name":"Home","item":"https:\/\/www.kambek.sk\/"},{"@type":"ListItem","position":2,"name":"Kontakt"}]},{"@type":"WebSite","@id":"https:\/\/www.kambek.sk\/#website","url":"https:\/\/www.kambek.sk\/","name":"KAMBEK","description":"nikdy nie je neskoro....","publisher":{"@id":"https:\/\/www.kambek.sk\/#organization"},"potentialAction":[{"@type":"SearchAction","target":{"@type":"EntryPoint","urlTemplate":"https:\/\/www.kambek.sk\/?s={search_term_string}"},"query-input":"required name=search_term_string"}],"inLanguage":"sk-SK"},{"@type":"Organization","@id":"https:\/\/www.kambek.sk\/#organization","name":"KAMBEK","url":"https:\/\/www.kambek.sk\/","logo":{"@type":"ImageObject","inLanguage":"sk-SK","@id":"https:\/\/www.kambek.sk\/#\/schema\/logo\/image\/","url":"https:\/\/www.kambek.sk\/wp-content\/uploads\/2023\/11\/cropped-cropped-Kambek-2-2.jpg","contentUrl":"https:\/\/www.kambek.sk\/wp-content\/uploads\/2023\/11\/cropped-cropped-Kambek-2-2.jpg","width":283,"height":259,"caption":"KAMBEK"},"image":{"@id":"https:\/\/www.kambek.sk\/#\/schema\/logo\/image\/"}}]}},"_links":{"self":[{"href":"https:\/\/www.kambek.sk\/index.php?rest_route=\/wp\/v2\/pages\/72","targetHints":{"allow":["GET"]}}],"collection":[{"href":"https:\/\/www.kambek.sk\/index.php?rest_route=\/wp\/v2\/pages"}],"about":[{"href":"https:\/\/www.kambek.sk\/index.php?rest_route=\/wp\/v2\/types\/page"}],"author":[{"embeddable":true,"href":"https:\/\/www.kambek.sk\/index.php?rest_route=\/wp\/v2\/users\/1"}],"replies":[{"embeddable":true,"href":"https:\/\/www.kambek.sk\/index.php?rest_route=%2Fwp%2Fv2%2Fcomments&post=72"}],"version-history":[{"count":6,"href":"https:\/\/www.kambek.sk\/index.php?rest_route=\/wp\/v2\/pages\/72\/revisions"}],"predecessor-version":[{"id":369,"href":"https:\/\/www.kambek.sk\/index.php?rest_route=\/wp\/v2\/pages\/72\/revisions\/369"}],"wp:attachment":[{"href":"https:\/\/www.kambek.sk\/index.php?rest_route=%2Fwp%2Fv2%2Fmedia&parent=72"}],"curies":[{"name":"wp","href":"https:\/\/api.w.org\/{rel}","templated":true}]}}