{"id":515,"date":"2025-08-04T11:26:57","date_gmt":"2025-08-04T09:26:57","guid":{"rendered":"https:\/\/www.kambek.sk\/?page_id=515"},"modified":"2025-08-04T11:30:09","modified_gmt":"2025-08-04T09:30:09","slug":"vyrocne-spravy-a-uzavierky","status":"publish","type":"page","link":"https:\/\/www.kambek.sk\/?page_id=515","title":{"rendered":"V\u00fdro\u010dn\u00e9 spr\u00e1vy a z\u00e1vierky"},"content":{"rendered":"\n<p><a href=\"https:\/\/www.kambek.sk\/wp-content\/uploads\/2025\/08\/Vyrocna-sprava-KAMBEK.pdf\">v\u00fdro\u010dn\u00e1 spr\u00e1va 2024<\/a><\/p>\n\n\n\n<p><a href=\"https:\/\/www.kambek.sk\/wp-content\/uploads\/2025\/08\/KambeK_UZ_2024.pdf\">ro\u010dn\u00e1 u\u010dtovn\u00e1 z\u00e1vierka 2024<\/a> + <a href=\"https:\/\/www.kambek.sk\/wp-content\/uploads\/2025\/08\/Poznamky_NUJ.pdf\">pozn\u00e1mky<\/a><\/p>\n","protected":false},"excerpt":{"rendered":"<p>v\u00fdro\u010dn\u00e1 spr\u00e1va 2024 ro\u010dn\u00e1 u\u010dtovn\u00e1 z\u00e1vierka 2024 + pozn\u00e1mky<\/p>\n","protected":false},"author":1,"featured_media":0,"parent":0,"menu_order":0,"comment_status":"closed","ping_status":"closed","template":"","meta":{"_monsterinsights_skip_tracking":false,"_monsterinsights_sitenote_active":false,"_monsterinsights_sitenote_note":"","_monsterinsights_sitenote_category":0,"footnotes":""},"class_list":["post-515","page","type-page","status-publish","hentry"],"yoast_head":"<!-- This site is optimized with the Yoast SEO plugin v21.5 - https:\/\/yoast.com\/wordpress\/plugins\/seo\/ -->\n<title>V\u00fdro\u010dn\u00e9 spr\u00e1vy a z\u00e1vierky - KAMBEK<\/title>\n<meta name=\"robots\" content=\"index, follow, max-snippet:-1, max-image-preview:large, max-video-preview:-1\" \/>\n<link rel=\"canonical\" href=\"https:\/\/www.kambek.sk\/?page_id=515\" \/>\n<meta property=\"og:locale\" content=\"sk_SK\" \/>\n<meta property=\"og:type\" content=\"article\" \/>\n<meta property=\"og:title\" content=\"V\u00fdro\u010dn\u00e9 spr\u00e1vy a z\u00e1vierky - KAMBEK\" \/>\n<meta property=\"og:description\" content=\"v\u00fdro\u010dn\u00e1 spr\u00e1va 2024 ro\u010dn\u00e1 u\u010dtovn\u00e1 z\u00e1vierka 2024 + pozn\u00e1mky\" \/>\n<meta property=\"og:url\" content=\"https:\/\/www.kambek.sk\/?page_id=515\" \/>\n<meta property=\"og:site_name\" content=\"KAMBEK\" \/>\n<meta property=\"article:modified_time\" content=\"2025-08-04T09:30:09+00:00\" \/>\n<meta name=\"twitter:card\" content=\"summary_large_image\" \/>\n<meta name=\"twitter:label1\" content=\"Predpokladan\u00fd \u010das \u010d\u00edtania\" \/>\n\t<meta name=\"twitter:data1\" content=\"1 min\u00fata\" \/>\n<script type=\"application\/ld+json\" class=\"yoast-schema-graph\">{\"@context\":\"https:\/\/schema.org\",\"@graph\":[{\"@type\":\"WebPage\",\"@id\":\"https:\/\/www.kambek.sk\/?page_id=515\",\"url\":\"https:\/\/www.kambek.sk\/?page_id=515\",\"name\":\"V\u00fdro\u010dn\u00e9 spr\u00e1vy a z\u00e1vierky - KAMBEK\",\"isPartOf\":{\"@id\":\"https:\/\/www.kambek.sk\/#website\"},\"datePublished\":\"2025-08-04T09:26:57+00:00\",\"dateModified\":\"2025-08-04T09:30:09+00:00\",\"breadcrumb\":{\"@id\":\"https:\/\/www.kambek.sk\/?page_id=515#breadcrumb\"},\"inLanguage\":\"sk-SK\",\"potentialAction\":[{\"@type\":\"ReadAction\",\"target\":[\"https:\/\/www.kambek.sk\/?page_id=515\"]}]},{\"@type\":\"BreadcrumbList\",\"@id\":\"https:\/\/www.kambek.sk\/?page_id=515#breadcrumb\",\"itemListElement\":[{\"@type\":\"ListItem\",\"position\":1,\"name\":\"Home\",\"item\":\"https:\/\/www.kambek.sk\/\"},{\"@type\":\"ListItem\",\"position\":2,\"name\":\"V\u00fdro\u010dn\u00e9 spr\u00e1vy a z\u00e1vierky\"}]},{\"@type\":\"WebSite\",\"@id\":\"https:\/\/www.kambek.sk\/#website\",\"url\":\"https:\/\/www.kambek.sk\/\",\"name\":\"KAMBEK\",\"description\":\"nikdy nie je neskoro....\",\"publisher\":{\"@id\":\"https:\/\/www.kambek.sk\/#organization\"},\"potentialAction\":[{\"@type\":\"SearchAction\",\"target\":{\"@type\":\"EntryPoint\",\"urlTemplate\":\"https:\/\/www.kambek.sk\/?s={search_term_string}\"},\"query-input\":\"required name=search_term_string\"}],\"inLanguage\":\"sk-SK\"},{\"@type\":\"Organization\",\"@id\":\"https:\/\/www.kambek.sk\/#organization\",\"name\":\"KAMBEK\",\"url\":\"https:\/\/www.kambek.sk\/\",\"logo\":{\"@type\":\"ImageObject\",\"inLanguage\":\"sk-SK\",\"@id\":\"https:\/\/www.kambek.sk\/#\/schema\/logo\/image\/\",\"url\":\"https:\/\/www.kambek.sk\/wp-content\/uploads\/2023\/11\/cropped-cropped-Kambek-2-2.jpg\",\"contentUrl\":\"https:\/\/www.kambek.sk\/wp-content\/uploads\/2023\/11\/cropped-cropped-Kambek-2-2.jpg\",\"width\":283,\"height\":259,\"caption\":\"KAMBEK\"},\"image\":{\"@id\":\"https:\/\/www.kambek.sk\/#\/schema\/logo\/image\/\"}}]}<\/script>\n<!-- \/ Yoast SEO plugin. -->","yoast_head_json":{"title":"V\u00fdro\u010dn\u00e9 spr\u00e1vy a z\u00e1vierky - KAMBEK","robots":{"index":"index","follow":"follow","max-snippet":"max-snippet:-1","max-image-preview":"max-image-preview:large","max-video-preview":"max-video-preview:-1"},"canonical":"https:\/\/www.kambek.sk\/?page_id=515","og_locale":"sk_SK","og_type":"article","og_title":"V\u00fdro\u010dn\u00e9 spr\u00e1vy a z\u00e1vierky - KAMBEK","og_description":"v\u00fdro\u010dn\u00e1 spr\u00e1va 2024 ro\u010dn\u00e1 u\u010dtovn\u00e1 z\u00e1vierka 2024 + pozn\u00e1mky","og_url":"https:\/\/www.kambek.sk\/?page_id=515","og_site_name":"KAMBEK","article_modified_time":"2025-08-04T09:30:09+00:00","twitter_card":"summary_large_image","twitter_misc":{"Predpokladan\u00fd \u010das \u010d\u00edtania":"1 min\u00fata"},"schema":{"@context":"https:\/\/schema.org","@graph":[{"@type":"WebPage","@id":"https:\/\/www.kambek.sk\/?page_id=515","url":"https:\/\/www.kambek.sk\/?page_id=515","name":"V\u00fdro\u010dn\u00e9 spr\u00e1vy a z\u00e1vierky - KAMBEK","isPartOf":{"@id":"https:\/\/www.kambek.sk\/#website"},"datePublished":"2025-08-04T09:26:57+00:00","dateModified":"2025-08-04T09:30:09+00:00","breadcrumb":{"@id":"https:\/\/www.kambek.sk\/?page_id=515#breadcrumb"},"inLanguage":"sk-SK","potentialAction":[{"@type":"ReadAction","target":["https:\/\/www.kambek.sk\/?page_id=515"]}]},{"@type":"BreadcrumbList","@id":"https:\/\/www.kambek.sk\/?page_id=515#breadcrumb","itemListElement":[{"@type":"ListItem","position":1,"name":"Home","item":"https:\/\/www.kambek.sk\/"},{"@type":"ListItem","position":2,"name":"V\u00fdro\u010dn\u00e9 spr\u00e1vy a z\u00e1vierky"}]},{"@type":"WebSite","@id":"https:\/\/www.kambek.sk\/#website","url":"https:\/\/www.kambek.sk\/","name":"KAMBEK","description":"nikdy nie je neskoro....","publisher":{"@id":"https:\/\/www.kambek.sk\/#organization"},"potentialAction":[{"@type":"SearchAction","target":{"@type":"EntryPoint","urlTemplate":"https:\/\/www.kambek.sk\/?s={search_term_string}"},"query-input":"required name=search_term_string"}],"inLanguage":"sk-SK"},{"@type":"Organization","@id":"https:\/\/www.kambek.sk\/#organization","name":"KAMBEK","url":"https:\/\/www.kambek.sk\/","logo":{"@type":"ImageObject","inLanguage":"sk-SK","@id":"https:\/\/www.kambek.sk\/#\/schema\/logo\/image\/","url":"https:\/\/www.kambek.sk\/wp-content\/uploads\/2023\/11\/cropped-cropped-Kambek-2-2.jpg","contentUrl":"https:\/\/www.kambek.sk\/wp-content\/uploads\/2023\/11\/cropped-cropped-Kambek-2-2.jpg","width":283,"height":259,"caption":"KAMBEK"},"image":{"@id":"https:\/\/www.kambek.sk\/#\/schema\/logo\/image\/"}}]}},"_links":{"self":[{"href":"https:\/\/www.kambek.sk\/index.php?rest_route=\/wp\/v2\/pages\/515","targetHints":{"allow":["GET"]}}],"collection":[{"href":"https:\/\/www.kambek.sk\/index.php?rest_route=\/wp\/v2\/pages"}],"about":[{"href":"https:\/\/www.kambek.sk\/index.php?rest_route=\/wp\/v2\/types\/page"}],"author":[{"embeddable":true,"href":"https:\/\/www.kambek.sk\/index.php?rest_route=\/wp\/v2\/users\/1"}],"replies":[{"embeddable":true,"href":"https:\/\/www.kambek.sk\/index.php?rest_route=%2Fwp%2Fv2%2Fcomments&post=515"}],"version-history":[{"count":5,"href":"https:\/\/www.kambek.sk\/index.php?rest_route=\/wp\/v2\/pages\/515\/revisions"}],"predecessor-version":[{"id":521,"href":"https:\/\/www.kambek.sk\/index.php?rest_route=\/wp\/v2\/pages\/515\/revisions\/521"}],"wp:attachment":[{"href":"https:\/\/www.kambek.sk\/index.php?rest_route=%2Fwp%2Fv2%2Fmedia&parent=515"}],"curies":[{"name":"wp","href":"https:\/\/api.w.org\/{rel}","templated":true}]}}