{"id":446,"date":"2024-08-15T12:14:02","date_gmt":"2024-08-15T10:14:02","guid":{"rendered":"https:\/\/www.kambek.sk\/?page_id=446"},"modified":"2024-09-02T15:43:08","modified_gmt":"2024-09-02T13:43:08","slug":"nadacia-nbs","status":"publish","type":"page","link":"https:\/\/www.kambek.sk\/?page_id=446","title":{"rendered":"Nad\u00e1cia NBS"},"content":{"rendered":"\n<p><strong>Doba realiz\u00e1cie<\/strong>: 1.7.2024 &#8211; 31.12.2024<\/p>\n\n\n\n<p><strong>miesto realiz\u00e1cie:<\/strong> Trnavsk\u00fd a Nitriansky samospr\u00e1vny kraj<\/p>\n\n\n\n<p><strong>Donor:<\/strong> Nad\u00e1cia NBS<\/p>\n\n\n\n<p><strong>cie\u013e projektu:<\/strong><\/p>\n\n\n\n<ul class=\"wp-block-list\">\n<li>nau\u010di\u0165 klienta\/rodinu si analyzova\u0165 pr\u00edjmy a v\u00fddavky<\/li>\n\n\n\n<li>prostrednictvom intervenci\u00ed nau\u010di\u0165 KLIENTA\/rodinu pl\u00e1nova\u0165 &#8211; n\u00e1kupy, v\u00fddavky, porovn\u00e1va\u0165 ceny napr\u00edklad jednotliv\u00fdch potrav\u00edn, edukova\u0165 rodinu o efekt\u00edvne vyu\u017eit\u00fdch v\u00fddavkov, prioritizova\u0165 v\u00fddavky &#8211; platba \u0161ekov, \u0161koly,<\/li>\n\n\n\n<li>zv\u00fd\u0161i\u0165 informovanos\u0165 v r\u00e1mci vzdel\u00e1vania finan\u010dnej gramotnosti . informovano\u0165 hlavne v t\u00e9mach osobn\u00fd bankrot, \u00faverov\u00fd register, exek\u00facie, nebankov\u00e9 subjekty a komunik\u00e1cia s finan\u010dn\u00fdmi in\u0161tit\u00faciami.<\/li>\n<\/ul>\n\n\n\n<p><strong>stru\u010dn\u00fd popis projektu:<\/strong> Cie\u013eom projektu je systematick\u00e1 pr\u00e1ca s rodinami, ktor\u00e9 sa ocitli v hmotnej a soci\u00e1lnej kr\u00edze so zameran\u00edm na zlep\u0161enie \u017eivotn\u00e9ho \u0161tandardu rodiny prostredn\u00edctvom finan\u010dn\u00e9ho vzdel\u00e1vania \u010dlenov rodiny, anal\u00fdzy pr\u00edjmov a v\u00fddavkov, tvorbou finan\u010dn\u00e9ho pl\u00e1nu rodinn\u00e9ho rozpo\u010dtu a tr\u00e9ningom finan\u010dn\u00fdch zru\u010dnost\u00ed. Cie\u013eom projektu je zv\u00fd\u0161enie \u00farovne finan\u010dnej gramotnosti dysfunk\u010dn\u00fdch rod\u00edn.<\/p>\n\n\n\n<p><strong>kl\u00fa\u010dov\u00e9 aktivity projektu:<\/strong> <\/p>\n\n\n\n<p><strong>Realiz\u00e1tor<\/strong>:  KAMBEK<\/p>\n\n\n\n<p><strong><a href=\"https:\/\/www.kambek.sk\/wp-content\/uploads\/2024\/09\/zmluva-NBS.pdf\">Zmluva<\/a><\/strong><\/p>\n","protected":false},"excerpt":{"rendered":"<p>Doba realiz\u00e1cie: 1.7.2024 &#8211; 31.12.2024 miesto realiz\u00e1cie: Trnavsk\u00fd a Nitriansky samospr\u00e1vny kraj Donor: Nad\u00e1cia NBS cie\u013e projektu: stru\u010dn\u00fd popis projektu: Cie\u013eom projektu je systematick\u00e1 pr\u00e1ca s rodinami, ktor\u00e9 sa ocitli v hmotnej a soci\u00e1lnej kr\u00edze so zameran\u00edm na zlep\u0161enie \u017eivotn\u00e9ho \u0161tandardu rodiny prostredn\u00edctvom finan\u010dn\u00e9ho vzdel\u00e1vania \u010dlenov rodiny, anal\u00fdzy pr\u00edjmov a v\u00fddavkov, tvorbou finan\u010dn\u00e9ho pl\u00e1nu rodinn\u00e9ho &hellip; <a href=\"https:\/\/www.kambek.sk\/?page_id=446\" class=\"more-link\">Pokra\u010dova\u0165 na <span class=\"screen-reader-text\">Nad\u00e1cia NBS<\/span> <span class=\"meta-nav\">&rarr;<\/span><\/a><\/p>\n","protected":false},"author":1,"featured_media":0,"parent":0,"menu_order":0,"comment_status":"closed","ping_status":"closed","template":"","meta":{"_monsterinsights_skip_tracking":false,"_monsterinsights_sitenote_active":false,"_monsterinsights_sitenote_note":"","_monsterinsights_sitenote_category":0,"footnotes":""},"class_list":["post-446","page","type-page","status-publish","hentry"],"yoast_head":"<!-- This site is optimized with the Yoast SEO plugin v21.5 - https:\/\/yoast.com\/wordpress\/plugins\/seo\/ -->\n<title>Nad\u00e1cia NBS - KAMBEK<\/title>\n<meta name=\"robots\" content=\"index, follow, max-snippet:-1, max-image-preview:large, max-video-preview:-1\" \/>\n<link rel=\"canonical\" href=\"https:\/\/www.kambek.sk\/?page_id=446\" \/>\n<meta property=\"og:locale\" content=\"sk_SK\" \/>\n<meta property=\"og:type\" content=\"article\" \/>\n<meta property=\"og:title\" content=\"Nad\u00e1cia NBS - KAMBEK\" \/>\n<meta property=\"og:description\" content=\"Doba realiz\u00e1cie: 1.7.2024 &#8211; 31.12.2024 miesto realiz\u00e1cie: Trnavsk\u00fd a Nitriansky samospr\u00e1vny kraj Donor: Nad\u00e1cia NBS cie\u013e projektu: stru\u010dn\u00fd popis projektu: Cie\u013eom projektu je systematick\u00e1 pr\u00e1ca s rodinami, ktor\u00e9 sa ocitli v hmotnej a soci\u00e1lnej kr\u00edze so zameran\u00edm na zlep\u0161enie \u017eivotn\u00e9ho \u0161tandardu rodiny prostredn\u00edctvom finan\u010dn\u00e9ho vzdel\u00e1vania \u010dlenov rodiny, anal\u00fdzy pr\u00edjmov a v\u00fddavkov, tvorbou finan\u010dn\u00e9ho pl\u00e1nu rodinn\u00e9ho &hellip; Pokra\u010dova\u0165 na Nad\u00e1cia NBS &rarr;\" \/>\n<meta property=\"og:url\" content=\"https:\/\/www.kambek.sk\/?page_id=446\" \/>\n<meta property=\"og:site_name\" content=\"KAMBEK\" \/>\n<meta property=\"article:modified_time\" content=\"2024-09-02T13:43:08+00:00\" \/>\n<meta name=\"twitter:card\" content=\"summary_large_image\" \/>\n<meta name=\"twitter:label1\" content=\"Predpokladan\u00fd \u010das \u010d\u00edtania\" \/>\n\t<meta name=\"twitter:data1\" content=\"1 min\u00fata\" \/>\n<script type=\"application\/ld+json\" class=\"yoast-schema-graph\">{\"@context\":\"https:\/\/schema.org\",\"@graph\":[{\"@type\":\"WebPage\",\"@id\":\"https:\/\/www.kambek.sk\/?page_id=446\",\"url\":\"https:\/\/www.kambek.sk\/?page_id=446\",\"name\":\"Nad\u00e1cia NBS - KAMBEK\",\"isPartOf\":{\"@id\":\"https:\/\/www.kambek.sk\/#website\"},\"datePublished\":\"2024-08-15T10:14:02+00:00\",\"dateModified\":\"2024-09-02T13:43:08+00:00\",\"breadcrumb\":{\"@id\":\"https:\/\/www.kambek.sk\/?page_id=446#breadcrumb\"},\"inLanguage\":\"sk-SK\",\"potentialAction\":[{\"@type\":\"ReadAction\",\"target\":[\"https:\/\/www.kambek.sk\/?page_id=446\"]}]},{\"@type\":\"BreadcrumbList\",\"@id\":\"https:\/\/www.kambek.sk\/?page_id=446#breadcrumb\",\"itemListElement\":[{\"@type\":\"ListItem\",\"position\":1,\"name\":\"Home\",\"item\":\"https:\/\/www.kambek.sk\/\"},{\"@type\":\"ListItem\",\"position\":2,\"name\":\"Nad\u00e1cia NBS\"}]},{\"@type\":\"WebSite\",\"@id\":\"https:\/\/www.kambek.sk\/#website\",\"url\":\"https:\/\/www.kambek.sk\/\",\"name\":\"KAMBEK\",\"description\":\"nikdy nie je neskoro....\",\"publisher\":{\"@id\":\"https:\/\/www.kambek.sk\/#organization\"},\"potentialAction\":[{\"@type\":\"SearchAction\",\"target\":{\"@type\":\"EntryPoint\",\"urlTemplate\":\"https:\/\/www.kambek.sk\/?s={search_term_string}\"},\"query-input\":\"required name=search_term_string\"}],\"inLanguage\":\"sk-SK\"},{\"@type\":\"Organization\",\"@id\":\"https:\/\/www.kambek.sk\/#organization\",\"name\":\"KAMBEK\",\"url\":\"https:\/\/www.kambek.sk\/\",\"logo\":{\"@type\":\"ImageObject\",\"inLanguage\":\"sk-SK\",\"@id\":\"https:\/\/www.kambek.sk\/#\/schema\/logo\/image\/\",\"url\":\"https:\/\/www.kambek.sk\/wp-content\/uploads\/2023\/11\/cropped-cropped-Kambek-2-2.jpg\",\"contentUrl\":\"https:\/\/www.kambek.sk\/wp-content\/uploads\/2023\/11\/cropped-cropped-Kambek-2-2.jpg\",\"width\":283,\"height\":259,\"caption\":\"KAMBEK\"},\"image\":{\"@id\":\"https:\/\/www.kambek.sk\/#\/schema\/logo\/image\/\"}}]}<\/script>\n<!-- \/ Yoast SEO plugin. -->","yoast_head_json":{"title":"Nad\u00e1cia NBS - KAMBEK","robots":{"index":"index","follow":"follow","max-snippet":"max-snippet:-1","max-image-preview":"max-image-preview:large","max-video-preview":"max-video-preview:-1"},"canonical":"https:\/\/www.kambek.sk\/?page_id=446","og_locale":"sk_SK","og_type":"article","og_title":"Nad\u00e1cia NBS - KAMBEK","og_description":"Doba realiz\u00e1cie: 1.7.2024 &#8211; 31.12.2024 miesto realiz\u00e1cie: Trnavsk\u00fd a Nitriansky samospr\u00e1vny kraj Donor: Nad\u00e1cia NBS cie\u013e projektu: stru\u010dn\u00fd popis projektu: Cie\u013eom projektu je systematick\u00e1 pr\u00e1ca s rodinami, ktor\u00e9 sa ocitli v hmotnej a soci\u00e1lnej kr\u00edze so zameran\u00edm na zlep\u0161enie \u017eivotn\u00e9ho \u0161tandardu rodiny prostredn\u00edctvom finan\u010dn\u00e9ho vzdel\u00e1vania \u010dlenov rodiny, anal\u00fdzy pr\u00edjmov a v\u00fddavkov, tvorbou finan\u010dn\u00e9ho pl\u00e1nu rodinn\u00e9ho &hellip; Pokra\u010dova\u0165 na Nad\u00e1cia NBS &rarr;","og_url":"https:\/\/www.kambek.sk\/?page_id=446","og_site_name":"KAMBEK","article_modified_time":"2024-09-02T13:43:08+00:00","twitter_card":"summary_large_image","twitter_misc":{"Predpokladan\u00fd \u010das \u010d\u00edtania":"1 min\u00fata"},"schema":{"@context":"https:\/\/schema.org","@graph":[{"@type":"WebPage","@id":"https:\/\/www.kambek.sk\/?page_id=446","url":"https:\/\/www.kambek.sk\/?page_id=446","name":"Nad\u00e1cia NBS - KAMBEK","isPartOf":{"@id":"https:\/\/www.kambek.sk\/#website"},"datePublished":"2024-08-15T10:14:02+00:00","dateModified":"2024-09-02T13:43:08+00:00","breadcrumb":{"@id":"https:\/\/www.kambek.sk\/?page_id=446#breadcrumb"},"inLanguage":"sk-SK","potentialAction":[{"@type":"ReadAction","target":["https:\/\/www.kambek.sk\/?page_id=446"]}]},{"@type":"BreadcrumbList","@id":"https:\/\/www.kambek.sk\/?page_id=446#breadcrumb","itemListElement":[{"@type":"ListItem","position":1,"name":"Home","item":"https:\/\/www.kambek.sk\/"},{"@type":"ListItem","position":2,"name":"Nad\u00e1cia NBS"}]},{"@type":"WebSite","@id":"https:\/\/www.kambek.sk\/#website","url":"https:\/\/www.kambek.sk\/","name":"KAMBEK","description":"nikdy nie je neskoro....","publisher":{"@id":"https:\/\/www.kambek.sk\/#organization"},"potentialAction":[{"@type":"SearchAction","target":{"@type":"EntryPoint","urlTemplate":"https:\/\/www.kambek.sk\/?s={search_term_string}"},"query-input":"required name=search_term_string"}],"inLanguage":"sk-SK"},{"@type":"Organization","@id":"https:\/\/www.kambek.sk\/#organization","name":"KAMBEK","url":"https:\/\/www.kambek.sk\/","logo":{"@type":"ImageObject","inLanguage":"sk-SK","@id":"https:\/\/www.kambek.sk\/#\/schema\/logo\/image\/","url":"https:\/\/www.kambek.sk\/wp-content\/uploads\/2023\/11\/cropped-cropped-Kambek-2-2.jpg","contentUrl":"https:\/\/www.kambek.sk\/wp-content\/uploads\/2023\/11\/cropped-cropped-Kambek-2-2.jpg","width":283,"height":259,"caption":"KAMBEK"},"image":{"@id":"https:\/\/www.kambek.sk\/#\/schema\/logo\/image\/"}}]}},"_links":{"self":[{"href":"https:\/\/www.kambek.sk\/index.php?rest_route=\/wp\/v2\/pages\/446","targetHints":{"allow":["GET"]}}],"collection":[{"href":"https:\/\/www.kambek.sk\/index.php?rest_route=\/wp\/v2\/pages"}],"about":[{"href":"https:\/\/www.kambek.sk\/index.php?rest_route=\/wp\/v2\/types\/page"}],"author":[{"embeddable":true,"href":"https:\/\/www.kambek.sk\/index.php?rest_route=\/wp\/v2\/users\/1"}],"replies":[{"embeddable":true,"href":"https:\/\/www.kambek.sk\/index.php?rest_route=%2Fwp%2Fv2%2Fcomments&post=446"}],"version-history":[{"count":6,"href":"https:\/\/www.kambek.sk\/index.php?rest_route=\/wp\/v2\/pages\/446\/revisions"}],"predecessor-version":[{"id":474,"href":"https:\/\/www.kambek.sk\/index.php?rest_route=\/wp\/v2\/pages\/446\/revisions\/474"}],"wp:attachment":[{"href":"https:\/\/www.kambek.sk\/index.php?rest_route=%2Fwp%2Fv2%2Fmedia&parent=446"}],"curies":[{"name":"wp","href":"https:\/\/api.w.org\/{rel}","templated":true}]}}