{"id":299,"date":"2023-11-26T16:19:53","date_gmt":"2023-11-26T15:19:53","guid":{"rendered":"https:\/\/www.kambek.sk\/?page_id=299"},"modified":"2026-01-26T12:24:55","modified_gmt":"2026-01-26T11:24:55","slug":"2-2","status":"publish","type":"page","link":"https:\/\/www.kambek.sk\/?page_id=299","title":{"rendered":"2% z dan\u00ed"},"content":{"rendered":"\n<p>Podporte Kambek 2 % z dane&nbsp;<img decoding=\"async\" alt=\"\ud83d\udc9b\" src=\"https:\/\/fonts.gstatic.com\/s\/e\/notoemoji\/16.0\/1f49b\/72.png\"><\/p>\n\n\n\n<p>2 % z dane m\u00f4\u017ee pouk\u00e1za\u0165&nbsp;<strong>ka\u017ed\u00fd, kto v roku 2025 zaplatil da\u0148 z pr\u00edjmu<\/strong>&nbsp;\u2013 zamestnanec, \u017eivnostn\u00edk aj firma. Darovanie v\u00e1s&nbsp;<strong>ni\u010d nestoj\u00ed<\/strong>, rozhodujete len o tom, kam p\u00f4jde \u010das\u0165 dane, ktor\u00fa u\u017e \u0161t\u00e1tu odv\u00e1dzate:<\/p>\n\n\n\n<ul class=\"wp-block-list\">\n<li><strong>Fyzick\u00e1 osoba<\/strong>&nbsp;m\u00f4\u017ee pouk\u00e1za\u0165&nbsp;<strong>2 % z dane<\/strong><\/li>\n\n\n\n<li><strong>Dobrovo\u013en\u00edci<\/strong>&nbsp;(min. 40 hod\u00edn v roku 2025) m\u00f4\u017eu pouk\u00e1za\u0165&nbsp;<strong>3 % z dane<\/strong><\/li>\n\n\n\n<li><strong>Pr\u00e1vnick\u00e9 osoby<\/strong>&nbsp;m\u00f4\u017eu pouk\u00e1za\u0165&nbsp;<strong>1 % alebo 2 % z dane<\/strong><\/li>\n<\/ul>\n\n\n\n<p>Minim\u00e1lna suma je:<\/p>\n\n\n\n<ul class=\"wp-block-list\">\n<li><strong>3 \u20ac<\/strong>&nbsp;pri fyzick\u00fdch osob\u00e1ch<\/li>\n\n\n\n<li><strong>8 \u20ac<\/strong>&nbsp;pri pr\u00e1vnick\u00fdch osob\u00e1ch<\/li>\n<\/ul>\n\n\n\n<h2 class=\"wp-block-heading\">Ako pouk\u00e1za\u0165 2 % Kambeku?<\/h2>\n\n\n\n<p>Aby sme v\u00e1m to \u010do najviac zjednodu\u0161ili, pripravili sme pre v\u00e1s<br><strong>predvyplnen\u00e9 tla\u010divo s \u00fadajmi ob\u010dianskeho zdru\u017eenia Kambek<\/strong>.<\/p>\n\n\n\n<p>\u00a0<strong>Sta\u010d\u00ed si ho stiahnu\u0165, doplni\u0165 svoje \u00fadaje, podp\u00edsa\u0165 a doru\u010di\u0165 na da\u0148ov\u00fd \u00farad.<\/strong><\/p>\n\n\n\n<p><strong>Tla\u010divo na stiahnutie:<\/strong><a href=\"https:\/\/pfseform.financnasprava.sk\/Formulare\/eFormVzor\/DP\/form.527.html\" target=\"_blank\" rel=\"noreferrer noopener\"> <\/a><\/p>\n\n\n\n<div data-wp-interactive=\"core\/file\" class=\"wp-block-file\"><object data-wp-bind--hidden=\"!state.hasPdfPreview\" hidden class=\"wp-block-file__embed\" data=\"https:\/\/www.kambek.sk\/wp-content\/uploads\/2026\/01\/2-pre-KAMBEK.pdf\" type=\"application\/pdf\" style=\"width:100%;height:200px\" aria-label=\"Vlo\u017ei\u0165 2% pre KAMBEK.\"><\/object><a id=\"wp-block-file--media-9e58df0b-b452-49ae-a20b-0f4b8c9d6fb6\" href=\"https:\/\/www.kambek.sk\/wp-content\/uploads\/2026\/01\/2-pre-KAMBEK.pdf\">2% pre KAMBEK<\/a><a href=\"https:\/\/www.kambek.sk\/wp-content\/uploads\/2026\/01\/2-pre-KAMBEK.pdf\" class=\"wp-block-file__button wp-element-button\" download aria-describedby=\"wp-block-file--media-9e58df0b-b452-49ae-a20b-0f4b8c9d6fb6\">Stiahnu\u0165<\/a><\/div>\n\n\n\n<h2 class=\"wp-block-heading\">\u00dadaje o prij\u00edmate\u013eovi 2 % z dane<\/h2>\n\n\n\n<p>Ak tla\u010divo nechcete s\u0165ahova\u0165, m\u00f4\u017eete \u00fadaje o Kambeku vyplni\u0165 aj manu\u00e1lne:<\/p>\n\n\n\n<p><strong>N\u00e1zov:<\/strong>&nbsp;Kambek&nbsp;<br><strong>Pr\u00e1vna forma:<\/strong>&nbsp;Ob\u010dianske zdru\u017eenie<br><strong>I\u010cO:<\/strong>&nbsp;<em>55703607<\/em><br><\/p>\n\n\n\n<p>Kambek je registrovan\u00fd v&nbsp;<strong>centr\u00e1lnom zozname prij\u00edmate\u013eov 2 %<\/strong>&nbsp;vedenom Not\u00e1rskou komorou SR pod registra\u010dn\u00fdm \u010d\u00edslo: VVS\/1-900\/90-67259<\/p>\n\n\n\n<h2 class=\"wp-block-heading\">Potrebujete pom\u00f4c\u0165?<\/h2>\n\n\n\n<p>Ak si nie ste ist\u00ed postupom, v\u00fdpo\u010dtom alebo vyplnen\u00edm tla\u010diva, pokojne sa n\u00e1m ozvite:<\/p>\n\n\n\n<p>&nbsp;<strong>E-mail:<\/strong>&nbsp;<em><a href=\"mailto:info@kambek.sk\" target=\"_blank\" rel=\"noreferrer noopener\">info@kambek.sk<\/a>&nbsp;alebo&nbsp;<a href=\"mailto:zuzana.aly@kambek.sk\" target=\"_blank\" rel=\"noreferrer noopener\">zuzana.aly@kambek.sk<\/a><\/em><br>&nbsp;<strong>Telef\u00f3n:<\/strong>&nbsp;<em>0907 554 852<\/em><\/p>\n\n\n\n<p>Radi v\u00e1m pom\u00f4\u017eeme!<\/p>\n\n\n\n<h3 class=\"wp-block-heading\">\u010eakujeme, \u017ee podporujete Kambek&nbsp;<img decoding=\"async\" alt=\"\ud83d\udc9b\" src=\"https:\/\/fonts.gstatic.com\/s\/e\/notoemoji\/16.0\/1f49b\/72.png\"><\/h3>\n\n\n\n<p>V\u010faka va\u0161im 2 % m\u00f4\u017eeme pokra\u010dova\u0165 v \u010dinnostiach, ktor\u00e9 maj\u00fa skuto\u010dn\u00fd zmysel.<\/p>\n\n\n\n<p><\/p>\n","protected":false},"excerpt":{"rendered":"<p>Podporte Kambek 2 % z dane&nbsp; 2 % z dane m\u00f4\u017ee pouk\u00e1za\u0165&nbsp;ka\u017ed\u00fd, kto v roku 2025 zaplatil da\u0148 z pr\u00edjmu&nbsp;\u2013 zamestnanec, \u017eivnostn\u00edk aj firma. Darovanie v\u00e1s&nbsp;ni\u010d nestoj\u00ed, rozhodujete len o tom, kam p\u00f4jde \u010das\u0165 dane, ktor\u00fa u\u017e \u0161t\u00e1tu odv\u00e1dzate: Minim\u00e1lna suma je: Ako pouk\u00e1za\u0165 2 % Kambeku? Aby sme v\u00e1m to \u010do najviac zjednodu\u0161ili, pripravili &hellip; <a href=\"https:\/\/www.kambek.sk\/?page_id=299\" class=\"more-link\">Pokra\u010dova\u0165 na <span class=\"screen-reader-text\">2% z dan\u00ed<\/span> <span class=\"meta-nav\">&rarr;<\/span><\/a><\/p>\n","protected":false},"author":1,"featured_media":0,"parent":0,"menu_order":0,"comment_status":"closed","ping_status":"closed","template":"","meta":{"_monsterinsights_skip_tracking":false,"_monsterinsights_sitenote_active":false,"_monsterinsights_sitenote_note":"","_monsterinsights_sitenote_category":0,"footnotes":""},"class_list":["post-299","page","type-page","status-publish","hentry"],"yoast_head":"<!-- This site is optimized with the Yoast SEO plugin v21.5 - https:\/\/yoast.com\/wordpress\/plugins\/seo\/ -->\n<title>2% z dan\u00ed - KAMBEK<\/title>\n<meta name=\"robots\" content=\"index, follow, max-snippet:-1, max-image-preview:large, max-video-preview:-1\" \/>\n<link rel=\"canonical\" href=\"https:\/\/www.kambek.sk\/?page_id=299\" \/>\n<meta property=\"og:locale\" content=\"sk_SK\" \/>\n<meta property=\"og:type\" content=\"article\" \/>\n<meta property=\"og:title\" content=\"2% z dan\u00ed - KAMBEK\" \/>\n<meta property=\"og:description\" content=\"Podporte Kambek 2 % z dane&nbsp; 2 % z dane m\u00f4\u017ee pouk\u00e1za\u0165&nbsp;ka\u017ed\u00fd, kto v roku 2025 zaplatil da\u0148 z pr\u00edjmu&nbsp;\u2013 zamestnanec, \u017eivnostn\u00edk aj firma. Darovanie v\u00e1s&nbsp;ni\u010d nestoj\u00ed, rozhodujete len o tom, kam p\u00f4jde \u010das\u0165 dane, ktor\u00fa u\u017e \u0161t\u00e1tu odv\u00e1dzate: Minim\u00e1lna suma je: Ako pouk\u00e1za\u0165 2 % Kambeku? Aby sme v\u00e1m to \u010do najviac zjednodu\u0161ili, pripravili &hellip; Pokra\u010dova\u0165 na 2% z dan\u00ed &rarr;\" \/>\n<meta property=\"og:url\" content=\"https:\/\/www.kambek.sk\/?page_id=299\" \/>\n<meta property=\"og:site_name\" content=\"KAMBEK\" \/>\n<meta property=\"article:modified_time\" content=\"2026-01-26T11:24:55+00:00\" \/>\n<meta property=\"og:image\" content=\"https:\/\/fonts.gstatic.com\/s\/e\/notoemoji\/16.0\/1f49b\/72.png\" \/>\n<meta name=\"twitter:card\" content=\"summary_large_image\" \/>\n<meta name=\"twitter:label1\" content=\"Predpokladan\u00fd \u010das \u010d\u00edtania\" \/>\n\t<meta name=\"twitter:data1\" content=\"2 min\u00faty\" \/>\n<script type=\"application\/ld+json\" class=\"yoast-schema-graph\">{\"@context\":\"https:\/\/schema.org\",\"@graph\":[{\"@type\":\"WebPage\",\"@id\":\"https:\/\/www.kambek.sk\/?page_id=299\",\"url\":\"https:\/\/www.kambek.sk\/?page_id=299\",\"name\":\"2% z dan\u00ed - KAMBEK\",\"isPartOf\":{\"@id\":\"https:\/\/www.kambek.sk\/#website\"},\"datePublished\":\"2023-11-26T15:19:53+00:00\",\"dateModified\":\"2026-01-26T11:24:55+00:00\",\"breadcrumb\":{\"@id\":\"https:\/\/www.kambek.sk\/?page_id=299#breadcrumb\"},\"inLanguage\":\"sk-SK\",\"potentialAction\":[{\"@type\":\"ReadAction\",\"target\":[\"https:\/\/www.kambek.sk\/?page_id=299\"]}]},{\"@type\":\"BreadcrumbList\",\"@id\":\"https:\/\/www.kambek.sk\/?page_id=299#breadcrumb\",\"itemListElement\":[{\"@type\":\"ListItem\",\"position\":1,\"name\":\"Home\",\"item\":\"https:\/\/www.kambek.sk\/\"},{\"@type\":\"ListItem\",\"position\":2,\"name\":\"2% z dan\u00ed\"}]},{\"@type\":\"WebSite\",\"@id\":\"https:\/\/www.kambek.sk\/#website\",\"url\":\"https:\/\/www.kambek.sk\/\",\"name\":\"KAMBEK\",\"description\":\"nikdy nie je neskoro....\",\"publisher\":{\"@id\":\"https:\/\/www.kambek.sk\/#organization\"},\"potentialAction\":[{\"@type\":\"SearchAction\",\"target\":{\"@type\":\"EntryPoint\",\"urlTemplate\":\"https:\/\/www.kambek.sk\/?s={search_term_string}\"},\"query-input\":\"required name=search_term_string\"}],\"inLanguage\":\"sk-SK\"},{\"@type\":\"Organization\",\"@id\":\"https:\/\/www.kambek.sk\/#organization\",\"name\":\"KAMBEK\",\"url\":\"https:\/\/www.kambek.sk\/\",\"logo\":{\"@type\":\"ImageObject\",\"inLanguage\":\"sk-SK\",\"@id\":\"https:\/\/www.kambek.sk\/#\/schema\/logo\/image\/\",\"url\":\"https:\/\/www.kambek.sk\/wp-content\/uploads\/2023\/11\/cropped-cropped-Kambek-2-2.jpg\",\"contentUrl\":\"https:\/\/www.kambek.sk\/wp-content\/uploads\/2023\/11\/cropped-cropped-Kambek-2-2.jpg\",\"width\":283,\"height\":259,\"caption\":\"KAMBEK\"},\"image\":{\"@id\":\"https:\/\/www.kambek.sk\/#\/schema\/logo\/image\/\"}}]}<\/script>\n<!-- \/ Yoast SEO plugin. -->","yoast_head_json":{"title":"2% z dan\u00ed - KAMBEK","robots":{"index":"index","follow":"follow","max-snippet":"max-snippet:-1","max-image-preview":"max-image-preview:large","max-video-preview":"max-video-preview:-1"},"canonical":"https:\/\/www.kambek.sk\/?page_id=299","og_locale":"sk_SK","og_type":"article","og_title":"2% z dan\u00ed - KAMBEK","og_description":"Podporte Kambek 2 % z dane&nbsp; 2 % z dane m\u00f4\u017ee pouk\u00e1za\u0165&nbsp;ka\u017ed\u00fd, kto v roku 2025 zaplatil da\u0148 z pr\u00edjmu&nbsp;\u2013 zamestnanec, \u017eivnostn\u00edk aj firma. Darovanie v\u00e1s&nbsp;ni\u010d nestoj\u00ed, rozhodujete len o tom, kam p\u00f4jde \u010das\u0165 dane, ktor\u00fa u\u017e \u0161t\u00e1tu odv\u00e1dzate: Minim\u00e1lna suma je: Ako pouk\u00e1za\u0165 2 % Kambeku? Aby sme v\u00e1m to \u010do najviac zjednodu\u0161ili, pripravili &hellip; Pokra\u010dova\u0165 na 2% z dan\u00ed &rarr;","og_url":"https:\/\/www.kambek.sk\/?page_id=299","og_site_name":"KAMBEK","article_modified_time":"2026-01-26T11:24:55+00:00","og_image":[{"url":"https:\/\/fonts.gstatic.com\/s\/e\/notoemoji\/16.0\/1f49b\/72.png"}],"twitter_card":"summary_large_image","twitter_misc":{"Predpokladan\u00fd \u010das \u010d\u00edtania":"2 min\u00faty"},"schema":{"@context":"https:\/\/schema.org","@graph":[{"@type":"WebPage","@id":"https:\/\/www.kambek.sk\/?page_id=299","url":"https:\/\/www.kambek.sk\/?page_id=299","name":"2% z dan\u00ed - KAMBEK","isPartOf":{"@id":"https:\/\/www.kambek.sk\/#website"},"datePublished":"2023-11-26T15:19:53+00:00","dateModified":"2026-01-26T11:24:55+00:00","breadcrumb":{"@id":"https:\/\/www.kambek.sk\/?page_id=299#breadcrumb"},"inLanguage":"sk-SK","potentialAction":[{"@type":"ReadAction","target":["https:\/\/www.kambek.sk\/?page_id=299"]}]},{"@type":"BreadcrumbList","@id":"https:\/\/www.kambek.sk\/?page_id=299#breadcrumb","itemListElement":[{"@type":"ListItem","position":1,"name":"Home","item":"https:\/\/www.kambek.sk\/"},{"@type":"ListItem","position":2,"name":"2% z dan\u00ed"}]},{"@type":"WebSite","@id":"https:\/\/www.kambek.sk\/#website","url":"https:\/\/www.kambek.sk\/","name":"KAMBEK","description":"nikdy nie je neskoro....","publisher":{"@id":"https:\/\/www.kambek.sk\/#organization"},"potentialAction":[{"@type":"SearchAction","target":{"@type":"EntryPoint","urlTemplate":"https:\/\/www.kambek.sk\/?s={search_term_string}"},"query-input":"required name=search_term_string"}],"inLanguage":"sk-SK"},{"@type":"Organization","@id":"https:\/\/www.kambek.sk\/#organization","name":"KAMBEK","url":"https:\/\/www.kambek.sk\/","logo":{"@type":"ImageObject","inLanguage":"sk-SK","@id":"https:\/\/www.kambek.sk\/#\/schema\/logo\/image\/","url":"https:\/\/www.kambek.sk\/wp-content\/uploads\/2023\/11\/cropped-cropped-Kambek-2-2.jpg","contentUrl":"https:\/\/www.kambek.sk\/wp-content\/uploads\/2023\/11\/cropped-cropped-Kambek-2-2.jpg","width":283,"height":259,"caption":"KAMBEK"},"image":{"@id":"https:\/\/www.kambek.sk\/#\/schema\/logo\/image\/"}}]}},"_links":{"self":[{"href":"https:\/\/www.kambek.sk\/index.php?rest_route=\/wp\/v2\/pages\/299","targetHints":{"allow":["GET"]}}],"collection":[{"href":"https:\/\/www.kambek.sk\/index.php?rest_route=\/wp\/v2\/pages"}],"about":[{"href":"https:\/\/www.kambek.sk\/index.php?rest_route=\/wp\/v2\/types\/page"}],"author":[{"embeddable":true,"href":"https:\/\/www.kambek.sk\/index.php?rest_route=\/wp\/v2\/users\/1"}],"replies":[{"embeddable":true,"href":"https:\/\/www.kambek.sk\/index.php?rest_route=%2Fwp%2Fv2%2Fcomments&post=299"}],"version-history":[{"count":6,"href":"https:\/\/www.kambek.sk\/index.php?rest_route=\/wp\/v2\/pages\/299\/revisions"}],"predecessor-version":[{"id":571,"href":"https:\/\/www.kambek.sk\/index.php?rest_route=\/wp\/v2\/pages\/299\/revisions\/571"}],"wp:attachment":[{"href":"https:\/\/www.kambek.sk\/index.php?rest_route=%2Fwp%2Fv2%2Fmedia&parent=299"}],"curies":[{"name":"wp","href":"https:\/\/api.w.org\/{rel}","templated":true}]}}