{"id":272,"date":"2023-11-19T15:10:55","date_gmt":"2023-11-19T14:10:55","guid":{"rendered":"https:\/\/www.kambek.sk\/?page_id=272"},"modified":"2024-02-22T11:19:33","modified_gmt":"2024-02-22T10:19:33","slug":"niekto-z-blizkych-je-vo-vazeni","status":"publish","type":"page","link":"https:\/\/www.kambek.sk\/?page_id=272","title":{"rendered":"Niekto z bl\u00edzkych je vo v\u00e4zen\u00ed&#8230;"},"content":{"rendered":"\n<ul class=\"wp-block-list\">\n<li>priate\u013e\/man\u017eel, die\u0165a V\u00e1m odi\u0161lo do v\u00fdkonu trestu na nieko\u013eko rokov, alebo na nieko\u013eko mesiacov? \u010do teraz? ako sa vyrovna\u0165 s touto situ\u00e1ciou, stratili ste jeden pr\u00edjem v rodine, oporu, nerozumiete, odi\u0161iel &#8211; boli ste poh\u00e1dan\u00fd a plno \u010fal\u0161\u00edch ot\u00e1zok na ktor\u00e9 nem\u00e1te odpove\u010f?<\/li>\n\n\n\n<li>die\u0165a pri\u0161lo na \u010das o rodi\u010da? je to pre cel\u00fa rodinu n\u00e1ro\u010dn\u00e1 situ\u00e1cia? <\/li>\n\n\n\n<li>ur\u010dit\u011b je to ve\u013emi n\u00e1ro\u010dn\u00e9 obdobie pre rodinu ale aj pre jednotlivca, ke\u010f mu niekto z bl\u00edzkych odi\u0161iel na dlh\u0161iu dobu do v\u00fdkonu. <\/li>\n<\/ul>\n\n\n\n<p>Nev\u00e1hajte n\u00e1s kontaktova\u0165 &#8211; &#8222;nikdy nie je neskoro&#8220;<\/p>\n","protected":false},"excerpt":{"rendered":"<p>Nev\u00e1hajte n\u00e1s kontaktova\u0165 &#8211; &#8222;nikdy nie je neskoro&#8220;<\/p>\n","protected":false},"author":1,"featured_media":0,"parent":0,"menu_order":0,"comment_status":"closed","ping_status":"closed","template":"","meta":{"_monsterinsights_skip_tracking":false,"_monsterinsights_sitenote_active":false,"_monsterinsights_sitenote_note":"","_monsterinsights_sitenote_category":0,"footnotes":""},"class_list":["post-272","page","type-page","status-publish","hentry"],"yoast_head":"<!-- This site is optimized with the Yoast SEO plugin v21.5 - https:\/\/yoast.com\/wordpress\/plugins\/seo\/ -->\n<title>Niekto z bl\u00edzkych je vo v\u00e4zen\u00ed... - KAMBEK<\/title>\n<meta name=\"robots\" content=\"index, follow, max-snippet:-1, max-image-preview:large, max-video-preview:-1\" \/>\n<link rel=\"canonical\" href=\"https:\/\/www.kambek.sk\/?page_id=272\" \/>\n<meta property=\"og:locale\" content=\"sk_SK\" \/>\n<meta property=\"og:type\" content=\"article\" \/>\n<meta property=\"og:title\" content=\"Niekto z bl\u00edzkych je vo v\u00e4zen\u00ed... - KAMBEK\" \/>\n<meta property=\"og:description\" content=\"Nev\u00e1hajte n\u00e1s kontaktova\u0165 &#8211; &#8222;nikdy nie je neskoro&#8220;\" \/>\n<meta property=\"og:url\" content=\"https:\/\/www.kambek.sk\/?page_id=272\" \/>\n<meta property=\"og:site_name\" content=\"KAMBEK\" \/>\n<meta property=\"article:modified_time\" content=\"2024-02-22T10:19:33+00:00\" \/>\n<meta name=\"twitter:card\" content=\"summary_large_image\" \/>\n<meta name=\"twitter:label1\" content=\"Predpokladan\u00fd \u010das \u010d\u00edtania\" \/>\n\t<meta name=\"twitter:data1\" content=\"1 min\u00fata\" \/>\n<script type=\"application\/ld+json\" class=\"yoast-schema-graph\">{\"@context\":\"https:\/\/schema.org\",\"@graph\":[{\"@type\":\"WebPage\",\"@id\":\"https:\/\/www.kambek.sk\/?page_id=272\",\"url\":\"https:\/\/www.kambek.sk\/?page_id=272\",\"name\":\"Niekto z bl\u00edzkych je vo v\u00e4zen\u00ed... - KAMBEK\",\"isPartOf\":{\"@id\":\"https:\/\/www.kambek.sk\/#website\"},\"datePublished\":\"2023-11-19T14:10:55+00:00\",\"dateModified\":\"2024-02-22T10:19:33+00:00\",\"breadcrumb\":{\"@id\":\"https:\/\/www.kambek.sk\/?page_id=272#breadcrumb\"},\"inLanguage\":\"sk-SK\",\"potentialAction\":[{\"@type\":\"ReadAction\",\"target\":[\"https:\/\/www.kambek.sk\/?page_id=272\"]}]},{\"@type\":\"BreadcrumbList\",\"@id\":\"https:\/\/www.kambek.sk\/?page_id=272#breadcrumb\",\"itemListElement\":[{\"@type\":\"ListItem\",\"position\":1,\"name\":\"Home\",\"item\":\"https:\/\/www.kambek.sk\/\"},{\"@type\":\"ListItem\",\"position\":2,\"name\":\"Niekto z bl\u00edzkych je vo v\u00e4zen\u00ed&#8230;\"}]},{\"@type\":\"WebSite\",\"@id\":\"https:\/\/www.kambek.sk\/#website\",\"url\":\"https:\/\/www.kambek.sk\/\",\"name\":\"KAMBEK\",\"description\":\"nikdy nie je neskoro....\",\"publisher\":{\"@id\":\"https:\/\/www.kambek.sk\/#organization\"},\"potentialAction\":[{\"@type\":\"SearchAction\",\"target\":{\"@type\":\"EntryPoint\",\"urlTemplate\":\"https:\/\/www.kambek.sk\/?s={search_term_string}\"},\"query-input\":\"required name=search_term_string\"}],\"inLanguage\":\"sk-SK\"},{\"@type\":\"Organization\",\"@id\":\"https:\/\/www.kambek.sk\/#organization\",\"name\":\"KAMBEK\",\"url\":\"https:\/\/www.kambek.sk\/\",\"logo\":{\"@type\":\"ImageObject\",\"inLanguage\":\"sk-SK\",\"@id\":\"https:\/\/www.kambek.sk\/#\/schema\/logo\/image\/\",\"url\":\"https:\/\/www.kambek.sk\/wp-content\/uploads\/2023\/11\/cropped-cropped-Kambek-2-2.jpg\",\"contentUrl\":\"https:\/\/www.kambek.sk\/wp-content\/uploads\/2023\/11\/cropped-cropped-Kambek-2-2.jpg\",\"width\":283,\"height\":259,\"caption\":\"KAMBEK\"},\"image\":{\"@id\":\"https:\/\/www.kambek.sk\/#\/schema\/logo\/image\/\"}}]}<\/script>\n<!-- \/ Yoast SEO plugin. -->","yoast_head_json":{"title":"Niekto z bl\u00edzkych je vo v\u00e4zen\u00ed... - KAMBEK","robots":{"index":"index","follow":"follow","max-snippet":"max-snippet:-1","max-image-preview":"max-image-preview:large","max-video-preview":"max-video-preview:-1"},"canonical":"https:\/\/www.kambek.sk\/?page_id=272","og_locale":"sk_SK","og_type":"article","og_title":"Niekto z bl\u00edzkych je vo v\u00e4zen\u00ed... - KAMBEK","og_description":"Nev\u00e1hajte n\u00e1s kontaktova\u0165 &#8211; &#8222;nikdy nie je neskoro&#8220;","og_url":"https:\/\/www.kambek.sk\/?page_id=272","og_site_name":"KAMBEK","article_modified_time":"2024-02-22T10:19:33+00:00","twitter_card":"summary_large_image","twitter_misc":{"Predpokladan\u00fd \u010das \u010d\u00edtania":"1 min\u00fata"},"schema":{"@context":"https:\/\/schema.org","@graph":[{"@type":"WebPage","@id":"https:\/\/www.kambek.sk\/?page_id=272","url":"https:\/\/www.kambek.sk\/?page_id=272","name":"Niekto z bl\u00edzkych je vo v\u00e4zen\u00ed... - KAMBEK","isPartOf":{"@id":"https:\/\/www.kambek.sk\/#website"},"datePublished":"2023-11-19T14:10:55+00:00","dateModified":"2024-02-22T10:19:33+00:00","breadcrumb":{"@id":"https:\/\/www.kambek.sk\/?page_id=272#breadcrumb"},"inLanguage":"sk-SK","potentialAction":[{"@type":"ReadAction","target":["https:\/\/www.kambek.sk\/?page_id=272"]}]},{"@type":"BreadcrumbList","@id":"https:\/\/www.kambek.sk\/?page_id=272#breadcrumb","itemListElement":[{"@type":"ListItem","position":1,"name":"Home","item":"https:\/\/www.kambek.sk\/"},{"@type":"ListItem","position":2,"name":"Niekto z bl\u00edzkych je vo v\u00e4zen\u00ed&#8230;"}]},{"@type":"WebSite","@id":"https:\/\/www.kambek.sk\/#website","url":"https:\/\/www.kambek.sk\/","name":"KAMBEK","description":"nikdy nie je neskoro....","publisher":{"@id":"https:\/\/www.kambek.sk\/#organization"},"potentialAction":[{"@type":"SearchAction","target":{"@type":"EntryPoint","urlTemplate":"https:\/\/www.kambek.sk\/?s={search_term_string}"},"query-input":"required name=search_term_string"}],"inLanguage":"sk-SK"},{"@type":"Organization","@id":"https:\/\/www.kambek.sk\/#organization","name":"KAMBEK","url":"https:\/\/www.kambek.sk\/","logo":{"@type":"ImageObject","inLanguage":"sk-SK","@id":"https:\/\/www.kambek.sk\/#\/schema\/logo\/image\/","url":"https:\/\/www.kambek.sk\/wp-content\/uploads\/2023\/11\/cropped-cropped-Kambek-2-2.jpg","contentUrl":"https:\/\/www.kambek.sk\/wp-content\/uploads\/2023\/11\/cropped-cropped-Kambek-2-2.jpg","width":283,"height":259,"caption":"KAMBEK"},"image":{"@id":"https:\/\/www.kambek.sk\/#\/schema\/logo\/image\/"}}]}},"_links":{"self":[{"href":"https:\/\/www.kambek.sk\/index.php?rest_route=\/wp\/v2\/pages\/272","targetHints":{"allow":["GET"]}}],"collection":[{"href":"https:\/\/www.kambek.sk\/index.php?rest_route=\/wp\/v2\/pages"}],"about":[{"href":"https:\/\/www.kambek.sk\/index.php?rest_route=\/wp\/v2\/types\/page"}],"author":[{"embeddable":true,"href":"https:\/\/www.kambek.sk\/index.php?rest_route=\/wp\/v2\/users\/1"}],"replies":[{"embeddable":true,"href":"https:\/\/www.kambek.sk\/index.php?rest_route=%2Fwp%2Fv2%2Fcomments&post=272"}],"version-history":[{"count":3,"href":"https:\/\/www.kambek.sk\/index.php?rest_route=\/wp\/v2\/pages\/272\/revisions"}],"predecessor-version":[{"id":397,"href":"https:\/\/www.kambek.sk\/index.php?rest_route=\/wp\/v2\/pages\/272\/revisions\/397"}],"wp:attachment":[{"href":"https:\/\/www.kambek.sk\/index.php?rest_route=%2Fwp%2Fv2%2Fmedia&parent=272"}],"curies":[{"name":"wp","href":"https:\/\/api.w.org\/{rel}","templated":true}]}}