{"id":259,"date":"2023-11-19T15:02:03","date_gmt":"2023-11-19T14:02:03","guid":{"rendered":"https:\/\/www.kambek.sk\/?page_id=259"},"modified":"2026-04-17T19:45:55","modified_gmt":"2026-04-17T17:45:55","slug":"vzdelavania-supervizia","status":"publish","type":"page","link":"https:\/\/www.kambek.sk\/?page_id=259","title":{"rendered":"vzdel\u00e1vania\/superv\u00edzia"},"content":{"rendered":"\n<p><strong>Peer vzdel\u00e1vac\u00ed program<\/strong><\/p>\n\n\n\n<p>V KAMBEKU never\u00edme na n\u00e1hody. N\u00e1\u0161 pr\u00edstup je postaven\u00fd na\u00a0<strong>9-modulovom vzdel\u00e1vacom programe<\/strong>, ktor\u00fd je unik\u00e1tny svoj\u00edm zlo\u017een\u00edm aj veden\u00edm. Cel\u00fd tento program\u00a0<strong>lektoruj\u00fa na\u0161i soci\u00e1lni pracovn\u00edci<\/strong>, ktor\u00ed do v\u00fdu\u010dby vkladaj\u00fa nielen odborn\u00e9 metodiky, ale predov\u0161etk\u00fdm roky sk\u00fasenost\u00ed z priamej pr\u00e1ce v ter\u00e9ne a vo v\u00e4zenskom syst\u00e9me.<\/p>\n\n\n\n<h4 class=\"wp-block-heading\">Odbornos\u0165 vych\u00e1dzaj\u00faca z praxe<\/h4>\n\n\n\n<p>Vzdel\u00e1vanie u n\u00e1s nie je len o te\u00f3rii z kn\u00edh. Na\u0161i soci\u00e1lni pracovn\u00edci prep\u00e1jaj\u00fa overen\u00e9 postupy soci\u00e1lnej pr\u00e1ce s&nbsp;<strong>re\u00e1lnou \u017eitou sk\u00fasenos\u0165ou<\/strong>&nbsp;na\u0161ich bud\u00facich mentorov. Tento tandem vytv\u00e1ra siln\u00fd n\u00e1stroj na zmenu, ktor\u00fd dok\u00e1\u017ee efekt\u00edvne pom\u00f4c\u0165 tam, kde be\u017en\u00e9 rie\u0161enia zlyh\u00e1vaj\u00fa.<\/p>\n\n\n\n<h4 class=\"wp-block-heading\">Riaden\u00e1 prax pod doh\u013eadom odborn\u00edkov<\/h4>\n\n\n\n<p>Program nie je ukon\u010den\u00fd v triede. Jeho jadrom je&nbsp;<strong>riaden\u00e1 prax v ter\u00e9ne<\/strong>, kde mentori pracuj\u00fa s re\u00e1lnymi klientmi pod priamym metodick\u00fdm veden\u00edm soci\u00e1lnych pracovn\u00edkov. T\u00fdmto sp\u00f4sobom garantujeme, \u017ee pomoc v projekte KAMBEK je vysoko odborn\u00e1, bezpe\u010dn\u00e1 a postaven\u00e1 na pevn\u00fdch mor\u00e1lnych z\u00e1kladoch.<\/p>\n\n\n\n<blockquote class=\"wp-block-quote is-layout-flow wp-block-quote-is-layout-flow\">\n<p><em>&#8222;Nenahr\u00e1dzame syst\u00e9m. Na\u0161i soci\u00e1lni pracovn\u00edci a mentori tvoria t\u00edm, ktor\u00fd u\u010d\u00ed \u013eud\u00ed, ako sa v syst\u00e9me zorientova\u0165 a u\u017e sa nikdy nevr\u00e1ti\u0165 sp\u00e4\u0165.&#8220;<\/em><\/p>\n<\/blockquote>\n\n\n\n<hr class=\"wp-block-separator has-alpha-channel-opacity\"\/>\n","protected":false},"excerpt":{"rendered":"<p>Peer vzdel\u00e1vac\u00ed program V KAMBEKU never\u00edme na n\u00e1hody. N\u00e1\u0161 pr\u00edstup je postaven\u00fd na\u00a09-modulovom vzdel\u00e1vacom programe, ktor\u00fd je unik\u00e1tny svoj\u00edm zlo\u017een\u00edm aj veden\u00edm. Cel\u00fd tento program\u00a0lektoruj\u00fa na\u0161i soci\u00e1lni pracovn\u00edci, ktor\u00ed do v\u00fdu\u010dby vkladaj\u00fa nielen odborn\u00e9 metodiky, ale predov\u0161etk\u00fdm roky sk\u00fasenost\u00ed z priamej pr\u00e1ce v ter\u00e9ne a vo v\u00e4zenskom syst\u00e9me. Odbornos\u0165 vych\u00e1dzaj\u00faca z praxe Vzdel\u00e1vanie u n\u00e1s &hellip; <a href=\"https:\/\/www.kambek.sk\/?page_id=259\" class=\"more-link\">Pokra\u010dova\u0165 na <span class=\"screen-reader-text\">vzdel\u00e1vania\/superv\u00edzia<\/span> <span class=\"meta-nav\">&rarr;<\/span><\/a><\/p>\n","protected":false},"author":1,"featured_media":0,"parent":0,"menu_order":0,"comment_status":"closed","ping_status":"closed","template":"","meta":{"_monsterinsights_skip_tracking":false,"_monsterinsights_sitenote_active":false,"_monsterinsights_sitenote_note":"","_monsterinsights_sitenote_category":0,"footnotes":""},"class_list":["post-259","page","type-page","status-publish","hentry"],"yoast_head":"<!-- This site is optimized with the Yoast SEO plugin v21.5 - https:\/\/yoast.com\/wordpress\/plugins\/seo\/ -->\n<title>vzdel\u00e1vania\/superv\u00edzia - KAMBEK<\/title>\n<meta name=\"robots\" content=\"index, follow, max-snippet:-1, max-image-preview:large, max-video-preview:-1\" \/>\n<link rel=\"canonical\" href=\"https:\/\/www.kambek.sk\/?page_id=259\" \/>\n<meta property=\"og:locale\" content=\"sk_SK\" \/>\n<meta property=\"og:type\" content=\"article\" \/>\n<meta property=\"og:title\" content=\"vzdel\u00e1vania\/superv\u00edzia - KAMBEK\" \/>\n<meta property=\"og:description\" content=\"Peer vzdel\u00e1vac\u00ed program V KAMBEKU never\u00edme na n\u00e1hody. N\u00e1\u0161 pr\u00edstup je postaven\u00fd na\u00a09-modulovom vzdel\u00e1vacom programe, ktor\u00fd je unik\u00e1tny svoj\u00edm zlo\u017een\u00edm aj veden\u00edm. Cel\u00fd tento program\u00a0lektoruj\u00fa na\u0161i soci\u00e1lni pracovn\u00edci, ktor\u00ed do v\u00fdu\u010dby vkladaj\u00fa nielen odborn\u00e9 metodiky, ale predov\u0161etk\u00fdm roky sk\u00fasenost\u00ed z priamej pr\u00e1ce v ter\u00e9ne a vo v\u00e4zenskom syst\u00e9me. Odbornos\u0165 vych\u00e1dzaj\u00faca z praxe Vzdel\u00e1vanie u n\u00e1s &hellip; Pokra\u010dova\u0165 na vzdel\u00e1vania\/superv\u00edzia &rarr;\" \/>\n<meta property=\"og:url\" content=\"https:\/\/www.kambek.sk\/?page_id=259\" \/>\n<meta property=\"og:site_name\" content=\"KAMBEK\" \/>\n<meta property=\"article:modified_time\" content=\"2026-04-17T17:45:55+00:00\" \/>\n<meta name=\"twitter:card\" content=\"summary_large_image\" \/>\n<meta name=\"twitter:label1\" content=\"Predpokladan\u00fd \u010das \u010d\u00edtania\" \/>\n\t<meta name=\"twitter:data1\" content=\"1 min\u00fata\" \/>\n<script type=\"application\/ld+json\" class=\"yoast-schema-graph\">{\"@context\":\"https:\/\/schema.org\",\"@graph\":[{\"@type\":\"WebPage\",\"@id\":\"https:\/\/www.kambek.sk\/?page_id=259\",\"url\":\"https:\/\/www.kambek.sk\/?page_id=259\",\"name\":\"vzdel\u00e1vania\/superv\u00edzia - KAMBEK\",\"isPartOf\":{\"@id\":\"https:\/\/www.kambek.sk\/#website\"},\"datePublished\":\"2023-11-19T14:02:03+00:00\",\"dateModified\":\"2026-04-17T17:45:55+00:00\",\"breadcrumb\":{\"@id\":\"https:\/\/www.kambek.sk\/?page_id=259#breadcrumb\"},\"inLanguage\":\"sk-SK\",\"potentialAction\":[{\"@type\":\"ReadAction\",\"target\":[\"https:\/\/www.kambek.sk\/?page_id=259\"]}]},{\"@type\":\"BreadcrumbList\",\"@id\":\"https:\/\/www.kambek.sk\/?page_id=259#breadcrumb\",\"itemListElement\":[{\"@type\":\"ListItem\",\"position\":1,\"name\":\"Home\",\"item\":\"https:\/\/www.kambek.sk\/\"},{\"@type\":\"ListItem\",\"position\":2,\"name\":\"vzdel\u00e1vania\/superv\u00edzia\"}]},{\"@type\":\"WebSite\",\"@id\":\"https:\/\/www.kambek.sk\/#website\",\"url\":\"https:\/\/www.kambek.sk\/\",\"name\":\"KAMBEK\",\"description\":\"nikdy nie je neskoro....\",\"publisher\":{\"@id\":\"https:\/\/www.kambek.sk\/#organization\"},\"potentialAction\":[{\"@type\":\"SearchAction\",\"target\":{\"@type\":\"EntryPoint\",\"urlTemplate\":\"https:\/\/www.kambek.sk\/?s={search_term_string}\"},\"query-input\":\"required name=search_term_string\"}],\"inLanguage\":\"sk-SK\"},{\"@type\":\"Organization\",\"@id\":\"https:\/\/www.kambek.sk\/#organization\",\"name\":\"KAMBEK\",\"url\":\"https:\/\/www.kambek.sk\/\",\"logo\":{\"@type\":\"ImageObject\",\"inLanguage\":\"sk-SK\",\"@id\":\"https:\/\/www.kambek.sk\/#\/schema\/logo\/image\/\",\"url\":\"https:\/\/www.kambek.sk\/wp-content\/uploads\/2023\/11\/cropped-cropped-Kambek-2-2.jpg\",\"contentUrl\":\"https:\/\/www.kambek.sk\/wp-content\/uploads\/2023\/11\/cropped-cropped-Kambek-2-2.jpg\",\"width\":283,\"height\":259,\"caption\":\"KAMBEK\"},\"image\":{\"@id\":\"https:\/\/www.kambek.sk\/#\/schema\/logo\/image\/\"}}]}<\/script>\n<!-- \/ Yoast SEO plugin. -->","yoast_head_json":{"title":"vzdel\u00e1vania\/superv\u00edzia - KAMBEK","robots":{"index":"index","follow":"follow","max-snippet":"max-snippet:-1","max-image-preview":"max-image-preview:large","max-video-preview":"max-video-preview:-1"},"canonical":"https:\/\/www.kambek.sk\/?page_id=259","og_locale":"sk_SK","og_type":"article","og_title":"vzdel\u00e1vania\/superv\u00edzia - KAMBEK","og_description":"Peer vzdel\u00e1vac\u00ed program V KAMBEKU never\u00edme na n\u00e1hody. N\u00e1\u0161 pr\u00edstup je postaven\u00fd na\u00a09-modulovom vzdel\u00e1vacom programe, ktor\u00fd je unik\u00e1tny svoj\u00edm zlo\u017een\u00edm aj veden\u00edm. Cel\u00fd tento program\u00a0lektoruj\u00fa na\u0161i soci\u00e1lni pracovn\u00edci, ktor\u00ed do v\u00fdu\u010dby vkladaj\u00fa nielen odborn\u00e9 metodiky, ale predov\u0161etk\u00fdm roky sk\u00fasenost\u00ed z priamej pr\u00e1ce v ter\u00e9ne a vo v\u00e4zenskom syst\u00e9me. Odbornos\u0165 vych\u00e1dzaj\u00faca z praxe Vzdel\u00e1vanie u n\u00e1s &hellip; Pokra\u010dova\u0165 na vzdel\u00e1vania\/superv\u00edzia &rarr;","og_url":"https:\/\/www.kambek.sk\/?page_id=259","og_site_name":"KAMBEK","article_modified_time":"2026-04-17T17:45:55+00:00","twitter_card":"summary_large_image","twitter_misc":{"Predpokladan\u00fd \u010das \u010d\u00edtania":"1 min\u00fata"},"schema":{"@context":"https:\/\/schema.org","@graph":[{"@type":"WebPage","@id":"https:\/\/www.kambek.sk\/?page_id=259","url":"https:\/\/www.kambek.sk\/?page_id=259","name":"vzdel\u00e1vania\/superv\u00edzia - KAMBEK","isPartOf":{"@id":"https:\/\/www.kambek.sk\/#website"},"datePublished":"2023-11-19T14:02:03+00:00","dateModified":"2026-04-17T17:45:55+00:00","breadcrumb":{"@id":"https:\/\/www.kambek.sk\/?page_id=259#breadcrumb"},"inLanguage":"sk-SK","potentialAction":[{"@type":"ReadAction","target":["https:\/\/www.kambek.sk\/?page_id=259"]}]},{"@type":"BreadcrumbList","@id":"https:\/\/www.kambek.sk\/?page_id=259#breadcrumb","itemListElement":[{"@type":"ListItem","position":1,"name":"Home","item":"https:\/\/www.kambek.sk\/"},{"@type":"ListItem","position":2,"name":"vzdel\u00e1vania\/superv\u00edzia"}]},{"@type":"WebSite","@id":"https:\/\/www.kambek.sk\/#website","url":"https:\/\/www.kambek.sk\/","name":"KAMBEK","description":"nikdy nie je neskoro....","publisher":{"@id":"https:\/\/www.kambek.sk\/#organization"},"potentialAction":[{"@type":"SearchAction","target":{"@type":"EntryPoint","urlTemplate":"https:\/\/www.kambek.sk\/?s={search_term_string}"},"query-input":"required name=search_term_string"}],"inLanguage":"sk-SK"},{"@type":"Organization","@id":"https:\/\/www.kambek.sk\/#organization","name":"KAMBEK","url":"https:\/\/www.kambek.sk\/","logo":{"@type":"ImageObject","inLanguage":"sk-SK","@id":"https:\/\/www.kambek.sk\/#\/schema\/logo\/image\/","url":"https:\/\/www.kambek.sk\/wp-content\/uploads\/2023\/11\/cropped-cropped-Kambek-2-2.jpg","contentUrl":"https:\/\/www.kambek.sk\/wp-content\/uploads\/2023\/11\/cropped-cropped-Kambek-2-2.jpg","width":283,"height":259,"caption":"KAMBEK"},"image":{"@id":"https:\/\/www.kambek.sk\/#\/schema\/logo\/image\/"}}]}},"_links":{"self":[{"href":"https:\/\/www.kambek.sk\/index.php?rest_route=\/wp\/v2\/pages\/259","targetHints":{"allow":["GET"]}}],"collection":[{"href":"https:\/\/www.kambek.sk\/index.php?rest_route=\/wp\/v2\/pages"}],"about":[{"href":"https:\/\/www.kambek.sk\/index.php?rest_route=\/wp\/v2\/types\/page"}],"author":[{"embeddable":true,"href":"https:\/\/www.kambek.sk\/index.php?rest_route=\/wp\/v2\/users\/1"}],"replies":[{"embeddable":true,"href":"https:\/\/www.kambek.sk\/index.php?rest_route=%2Fwp%2Fv2%2Fcomments&post=259"}],"version-history":[{"count":2,"href":"https:\/\/www.kambek.sk\/index.php?rest_route=\/wp\/v2\/pages\/259\/revisions"}],"predecessor-version":[{"id":577,"href":"https:\/\/www.kambek.sk\/index.php?rest_route=\/wp\/v2\/pages\/259\/revisions\/577"}],"wp:attachment":[{"href":"https:\/\/www.kambek.sk\/index.php?rest_route=%2Fwp%2Fv2%2Fmedia&parent=259"}],"curies":[{"name":"wp","href":"https:\/\/api.w.org\/{rel}","templated":true}]}}