{"id":252,"date":"2023-11-19T14:59:00","date_gmt":"2023-11-19T13:59:00","guid":{"rendered":"https:\/\/www.kambek.sk\/?page_id=252"},"modified":"2026-04-17T19:51:08","modified_gmt":"2026-04-17T17:51:08","slug":"poradenstvo","status":"publish","type":"page","link":"https:\/\/www.kambek.sk\/?page_id=252","title":{"rendered":"Poradenstvo"},"content":{"rendered":"\n<p class=\"has-medium-font-size\"><\/p>\n\n\n\n<p class=\"has-black-color has-text-color has-medium-font-size\">V KAMBEKU poskytujeme odborn\u00e9 a systematick\u00e9 slu\u017eby rodin\u00e1m a jednotlivcom, ktor\u00ed sa ocitli v soci\u00e1lne kol\u00edznych situ\u00e1ci\u00e1ch. Na\u0161a pomoc nie je len o slov\u00e1ch \u2013 je o h\u013eadan\u00ed konkr\u00e9tnych ciest tam, kde in\u00e9 mo\u017enosti zlyhali. Na\u0161u \u010dinnos\u0165 s\u00fastre\u010fujeme do troch k\u013e\u00fa\u010dov\u00fdch oblast\u00ed:<\/p>\n\n\n\n<h4 class=\"wp-block-heading has-medium-font-size\">1. Komplexn\u00e1 pomoc pri reintegr\u00e1cii (Slu\u017eba &#8222;Prv\u00fd n\u00e1dych&#8220;)<\/h4>\n\n\n\n<p class=\"has-medium-font-size\">Sme \u0161pecialisti na kritick\u00e9 obdobie tesne pred a po prepusten\u00ed z v\u00fdkonu trestu.<\/p>\n\n\n\n<ul class=\"wp-block-list\">\n<li class=\"has-medium-font-size\"><strong>Pre jednotlivcov:<\/strong>\u00a0Poskytujeme okam\u017eit\u00fa podporu pri br\u00e1ne v\u00e4znice, pomoc pri h\u013eadan\u00ed ubytovania, zamestnania a stabiliz\u00e1ciu v prv\u00fdch d\u0148och na slobode.<\/li>\n\n\n\n<li class=\"has-medium-font-size\"><strong>Pre rodiny:<\/strong>\u00a0Sprev\u00e1dzame bl\u00edzkych po\u010das v\u00fdkonu trestu \u010dlena rodiny a pripravujeme ich na jeho bezpe\u010dn\u00fd n\u00e1vrat domov.<\/li>\n<\/ul>\n\n\n\n<h4 class=\"wp-block-heading\">2. Podpora rod\u00edn v soci\u00e1lnej a vz\u0165ahovej kr\u00edze<\/h4>\n\n\n\n<p class=\"has-medium-font-size\">Venujeme sa rodin\u00e1m, ktor\u00e9 \u010delia kumulovan\u00fdm probl\u00e9mom.<\/p>\n\n\n\n<ul class=\"wp-block-list\">\n<li class=\"has-medium-font-size\"><strong>Probl\u00e9mov\u00e9 spr\u00e1vanie:<\/strong>\u00a0Odborn\u00e1 pr\u00e1ca s rodinami, ktor\u00fdch deti vykazuj\u00fa poruchy spr\u00e1vania alebo v\u00fdchovn\u00e9 \u0165a\u017ekosti.<\/li>\n\n\n\n<li class=\"has-medium-font-size\"><strong>Sana\u010dn\u00e9 slu\u017eby:<\/strong>\u00a0Intervencia v rodin\u00e1ch v nepriaznivej soci\u00e1lnej situ\u00e1cii, pomoc pri rie\u0161en\u00ed vz\u0165ahov\u00fdch konfliktov a posil\u0148ovanie rodi\u010dovsk\u00fdch zru\u010dnost\u00ed.<\/li>\n\n\n\n<li class=\"has-medium-font-size\"><strong>Finan\u010dn\u00e1 stabiliz\u00e1cia:<\/strong>\u00a0Pomoc pri rie\u0161en\u00ed exek\u00faci\u00ed, dlhov a nastaven\u00ed udr\u017eate\u013en\u00e9ho rodinn\u00e9ho rozpo\u010dtu.<\/li>\n<\/ul>\n\n\n\n<h4 class=\"wp-block-heading\">3. Odborn\u00e9 poradenstvo a Peer mentoring<\/h4>\n\n\n\n<p class=\"has-medium-font-size\">Na\u0161e slu\u017eby poskytujeme osobne v ter\u00e9ne aj online formou, pri\u010dom vyu\u017e\u00edvame unik\u00e1tnu kombin\u00e1ciu odborn\u00edkov a mentorov.<\/p>\n\n\n\n<p class=\"has-black-color has-text-color has-medium-font-size\"><strong>Peer mentoring:<\/strong>\u00a0Zapojenie vy\u0161kolen\u00fdch konzultantov s vlastnou \u017eitou sk\u00fasenos\u0165ou, ktor\u00ed klientom rozumej\u00fa na \u00farovni, ktor\u00fa be\u017en\u00e9 poradenstvo nedosiahne.<\/p>\n\n\n\n<p class=\"has-medium-font-size\"><strong>Soci\u00e1lne a psychologick\u00e9 poradenstvo:<\/strong>\u00a0Individu\u00e1lne a skupinov\u00e9 sedenia veden\u00e9 soci\u00e1lnymi pracovn\u00edkmi a odborn\u00edkmi z pom\u00e1haj\u00facich profesi\u00ed.<\/p>\n\n\n\n<p class=\"has-medium-font-size\"><\/p>\n","protected":false},"excerpt":{"rendered":"<p>V KAMBEKU poskytujeme odborn\u00e9 a systematick\u00e9 slu\u017eby rodin\u00e1m a jednotlivcom, ktor\u00ed sa ocitli v soci\u00e1lne kol\u00edznych situ\u00e1ci\u00e1ch. Na\u0161a pomoc nie je len o slov\u00e1ch \u2013 je o h\u013eadan\u00ed konkr\u00e9tnych ciest tam, kde in\u00e9 mo\u017enosti zlyhali. Na\u0161u \u010dinnos\u0165 s\u00fastre\u010fujeme do troch k\u013e\u00fa\u010dov\u00fdch oblast\u00ed: 1. Komplexn\u00e1 pomoc pri reintegr\u00e1cii (Slu\u017eba &#8222;Prv\u00fd n\u00e1dych&#8220;) Sme \u0161pecialisti na kritick\u00e9 obdobie &hellip; <a href=\"https:\/\/www.kambek.sk\/?page_id=252\" class=\"more-link\">Pokra\u010dova\u0165 na <span class=\"screen-reader-text\">Poradenstvo<\/span> <span class=\"meta-nav\">&rarr;<\/span><\/a><\/p>\n","protected":false},"author":1,"featured_media":0,"parent":0,"menu_order":0,"comment_status":"closed","ping_status":"closed","template":"","meta":{"_monsterinsights_skip_tracking":false,"_monsterinsights_sitenote_active":false,"_monsterinsights_sitenote_note":"","_monsterinsights_sitenote_category":0,"footnotes":""},"class_list":["post-252","page","type-page","status-publish","hentry"],"yoast_head":"<!-- This site is optimized with the Yoast SEO plugin v21.5 - https:\/\/yoast.com\/wordpress\/plugins\/seo\/ -->\n<title>Poradenstvo - KAMBEK<\/title>\n<meta name=\"robots\" content=\"index, follow, max-snippet:-1, max-image-preview:large, max-video-preview:-1\" \/>\n<link rel=\"canonical\" href=\"https:\/\/www.kambek.sk\/?page_id=252\" \/>\n<meta property=\"og:locale\" content=\"sk_SK\" \/>\n<meta property=\"og:type\" content=\"article\" \/>\n<meta property=\"og:title\" content=\"Poradenstvo - KAMBEK\" \/>\n<meta property=\"og:description\" content=\"V KAMBEKU poskytujeme odborn\u00e9 a systematick\u00e9 slu\u017eby rodin\u00e1m a jednotlivcom, ktor\u00ed sa ocitli v soci\u00e1lne kol\u00edznych situ\u00e1ci\u00e1ch. Na\u0161a pomoc nie je len o slov\u00e1ch \u2013 je o h\u013eadan\u00ed konkr\u00e9tnych ciest tam, kde in\u00e9 mo\u017enosti zlyhali. Na\u0161u \u010dinnos\u0165 s\u00fastre\u010fujeme do troch k\u013e\u00fa\u010dov\u00fdch oblast\u00ed: 1. Komplexn\u00e1 pomoc pri reintegr\u00e1cii (Slu\u017eba &#8222;Prv\u00fd n\u00e1dych&#8220;) Sme \u0161pecialisti na kritick\u00e9 obdobie &hellip; Pokra\u010dova\u0165 na Poradenstvo &rarr;\" \/>\n<meta property=\"og:url\" content=\"https:\/\/www.kambek.sk\/?page_id=252\" \/>\n<meta property=\"og:site_name\" content=\"KAMBEK\" \/>\n<meta property=\"article:modified_time\" content=\"2026-04-17T17:51:08+00:00\" \/>\n<meta name=\"twitter:card\" content=\"summary_large_image\" \/>\n<meta name=\"twitter:label1\" content=\"Predpokladan\u00fd \u010das \u010d\u00edtania\" \/>\n\t<meta name=\"twitter:data1\" content=\"2 min\u00faty\" \/>\n<script type=\"application\/ld+json\" class=\"yoast-schema-graph\">{\"@context\":\"https:\/\/schema.org\",\"@graph\":[{\"@type\":\"WebPage\",\"@id\":\"https:\/\/www.kambek.sk\/?page_id=252\",\"url\":\"https:\/\/www.kambek.sk\/?page_id=252\",\"name\":\"Poradenstvo - KAMBEK\",\"isPartOf\":{\"@id\":\"https:\/\/www.kambek.sk\/#website\"},\"datePublished\":\"2023-11-19T13:59:00+00:00\",\"dateModified\":\"2026-04-17T17:51:08+00:00\",\"breadcrumb\":{\"@id\":\"https:\/\/www.kambek.sk\/?page_id=252#breadcrumb\"},\"inLanguage\":\"sk-SK\",\"potentialAction\":[{\"@type\":\"ReadAction\",\"target\":[\"https:\/\/www.kambek.sk\/?page_id=252\"]}]},{\"@type\":\"BreadcrumbList\",\"@id\":\"https:\/\/www.kambek.sk\/?page_id=252#breadcrumb\",\"itemListElement\":[{\"@type\":\"ListItem\",\"position\":1,\"name\":\"Home\",\"item\":\"https:\/\/www.kambek.sk\/\"},{\"@type\":\"ListItem\",\"position\":2,\"name\":\"Poradenstvo\"}]},{\"@type\":\"WebSite\",\"@id\":\"https:\/\/www.kambek.sk\/#website\",\"url\":\"https:\/\/www.kambek.sk\/\",\"name\":\"KAMBEK\",\"description\":\"nikdy nie je neskoro....\",\"publisher\":{\"@id\":\"https:\/\/www.kambek.sk\/#organization\"},\"potentialAction\":[{\"@type\":\"SearchAction\",\"target\":{\"@type\":\"EntryPoint\",\"urlTemplate\":\"https:\/\/www.kambek.sk\/?s={search_term_string}\"},\"query-input\":\"required name=search_term_string\"}],\"inLanguage\":\"sk-SK\"},{\"@type\":\"Organization\",\"@id\":\"https:\/\/www.kambek.sk\/#organization\",\"name\":\"KAMBEK\",\"url\":\"https:\/\/www.kambek.sk\/\",\"logo\":{\"@type\":\"ImageObject\",\"inLanguage\":\"sk-SK\",\"@id\":\"https:\/\/www.kambek.sk\/#\/schema\/logo\/image\/\",\"url\":\"https:\/\/www.kambek.sk\/wp-content\/uploads\/2023\/11\/cropped-cropped-Kambek-2-2.jpg\",\"contentUrl\":\"https:\/\/www.kambek.sk\/wp-content\/uploads\/2023\/11\/cropped-cropped-Kambek-2-2.jpg\",\"width\":283,\"height\":259,\"caption\":\"KAMBEK\"},\"image\":{\"@id\":\"https:\/\/www.kambek.sk\/#\/schema\/logo\/image\/\"}}]}<\/script>\n<!-- \/ Yoast SEO plugin. -->","yoast_head_json":{"title":"Poradenstvo - KAMBEK","robots":{"index":"index","follow":"follow","max-snippet":"max-snippet:-1","max-image-preview":"max-image-preview:large","max-video-preview":"max-video-preview:-1"},"canonical":"https:\/\/www.kambek.sk\/?page_id=252","og_locale":"sk_SK","og_type":"article","og_title":"Poradenstvo - KAMBEK","og_description":"V KAMBEKU poskytujeme odborn\u00e9 a systematick\u00e9 slu\u017eby rodin\u00e1m a jednotlivcom, ktor\u00ed sa ocitli v soci\u00e1lne kol\u00edznych situ\u00e1ci\u00e1ch. Na\u0161a pomoc nie je len o slov\u00e1ch \u2013 je o h\u013eadan\u00ed konkr\u00e9tnych ciest tam, kde in\u00e9 mo\u017enosti zlyhali. Na\u0161u \u010dinnos\u0165 s\u00fastre\u010fujeme do troch k\u013e\u00fa\u010dov\u00fdch oblast\u00ed: 1. Komplexn\u00e1 pomoc pri reintegr\u00e1cii (Slu\u017eba &#8222;Prv\u00fd n\u00e1dych&#8220;) Sme \u0161pecialisti na kritick\u00e9 obdobie &hellip; Pokra\u010dova\u0165 na Poradenstvo &rarr;","og_url":"https:\/\/www.kambek.sk\/?page_id=252","og_site_name":"KAMBEK","article_modified_time":"2026-04-17T17:51:08+00:00","twitter_card":"summary_large_image","twitter_misc":{"Predpokladan\u00fd \u010das \u010d\u00edtania":"2 min\u00faty"},"schema":{"@context":"https:\/\/schema.org","@graph":[{"@type":"WebPage","@id":"https:\/\/www.kambek.sk\/?page_id=252","url":"https:\/\/www.kambek.sk\/?page_id=252","name":"Poradenstvo - KAMBEK","isPartOf":{"@id":"https:\/\/www.kambek.sk\/#website"},"datePublished":"2023-11-19T13:59:00+00:00","dateModified":"2026-04-17T17:51:08+00:00","breadcrumb":{"@id":"https:\/\/www.kambek.sk\/?page_id=252#breadcrumb"},"inLanguage":"sk-SK","potentialAction":[{"@type":"ReadAction","target":["https:\/\/www.kambek.sk\/?page_id=252"]}]},{"@type":"BreadcrumbList","@id":"https:\/\/www.kambek.sk\/?page_id=252#breadcrumb","itemListElement":[{"@type":"ListItem","position":1,"name":"Home","item":"https:\/\/www.kambek.sk\/"},{"@type":"ListItem","position":2,"name":"Poradenstvo"}]},{"@type":"WebSite","@id":"https:\/\/www.kambek.sk\/#website","url":"https:\/\/www.kambek.sk\/","name":"KAMBEK","description":"nikdy nie je neskoro....","publisher":{"@id":"https:\/\/www.kambek.sk\/#organization"},"potentialAction":[{"@type":"SearchAction","target":{"@type":"EntryPoint","urlTemplate":"https:\/\/www.kambek.sk\/?s={search_term_string}"},"query-input":"required name=search_term_string"}],"inLanguage":"sk-SK"},{"@type":"Organization","@id":"https:\/\/www.kambek.sk\/#organization","name":"KAMBEK","url":"https:\/\/www.kambek.sk\/","logo":{"@type":"ImageObject","inLanguage":"sk-SK","@id":"https:\/\/www.kambek.sk\/#\/schema\/logo\/image\/","url":"https:\/\/www.kambek.sk\/wp-content\/uploads\/2023\/11\/cropped-cropped-Kambek-2-2.jpg","contentUrl":"https:\/\/www.kambek.sk\/wp-content\/uploads\/2023\/11\/cropped-cropped-Kambek-2-2.jpg","width":283,"height":259,"caption":"KAMBEK"},"image":{"@id":"https:\/\/www.kambek.sk\/#\/schema\/logo\/image\/"}}]}},"_links":{"self":[{"href":"https:\/\/www.kambek.sk\/index.php?rest_route=\/wp\/v2\/pages\/252","targetHints":{"allow":["GET"]}}],"collection":[{"href":"https:\/\/www.kambek.sk\/index.php?rest_route=\/wp\/v2\/pages"}],"about":[{"href":"https:\/\/www.kambek.sk\/index.php?rest_route=\/wp\/v2\/types\/page"}],"author":[{"embeddable":true,"href":"https:\/\/www.kambek.sk\/index.php?rest_route=\/wp\/v2\/users\/1"}],"replies":[{"embeddable":true,"href":"https:\/\/www.kambek.sk\/index.php?rest_route=%2Fwp%2Fv2%2Fcomments&post=252"}],"version-history":[{"count":5,"href":"https:\/\/www.kambek.sk\/index.php?rest_route=\/wp\/v2\/pages\/252\/revisions"}],"predecessor-version":[{"id":579,"href":"https:\/\/www.kambek.sk\/index.php?rest_route=\/wp\/v2\/pages\/252\/revisions\/579"}],"wp:attachment":[{"href":"https:\/\/www.kambek.sk\/index.php?rest_route=%2Fwp%2Fv2%2Fmedia&parent=252"}],"curies":[{"name":"wp","href":"https:\/\/api.w.org\/{rel}","templated":true}]}}